{"id":382,"date":"2025-03-18T23:32:05","date_gmt":"2025-03-18T23:32:05","guid":{"rendered":"https:\/\/bacterplus.com\/?page_id=382"},"modified":"2025-04-07T22:18:32","modified_gmt":"2025-04-07T22:18:32","slug":"hydrocarbon-recovery","status":"publish","type":"page","link":"https:\/\/bacterplus.com\/es\/hydrocarbon-recovery\/","title":{"rendered":"Recuperaci\u00f3n de Hidrocarburos"},"content":{"rendered":"<div class=\"nfd-gap-3xl nfd-gap-y-2xl wp-block-columns alignwide are-vertically-aligned-center is-layout-flex wp-container-core-columns-is-layout-28f84493 wp-block-columns-is-layout-flex\">\n<div class=\"wp-block-column is-vertically-aligned-center is-layout-flow wp-container-core-column-is-layout-8a368f38 wp-block-column-is-layout-flow\">\n<figure class=\"wp-block-image size-large\"><img data-recalc-dims=\"1\" loading=\"lazy\" decoding=\"async\" width=\"1024\" height=\"768\" src=\"https:\/\/i0.wp.com\/bacterplus.com\/wp-content\/uploads\/2025\/03\/pipespill.jpg?resize=1024%2C768&#038;ssl=1\" alt=\"\" class=\"wp-image-383\" style=\"aspect-ratio:1;object-fit:cover\" srcset=\"https:\/\/i0.wp.com\/bacterplus.com\/wp-content\/uploads\/2025\/03\/pipespill.jpg?resize=1024%2C768&amp;ssl=1 1024w, https:\/\/i0.wp.com\/bacterplus.com\/wp-content\/uploads\/2025\/03\/pipespill.jpg?resize=300%2C225&amp;ssl=1 300w, https:\/\/i0.wp.com\/bacterplus.com\/wp-content\/uploads\/2025\/03\/pipespill.jpg?resize=768%2C576&amp;ssl=1 768w, https:\/\/i0.wp.com\/bacterplus.com\/wp-content\/uploads\/2025\/03\/pipespill.jpg?resize=1536%2C1152&amp;ssl=1 1536w, https:\/\/i0.wp.com\/bacterplus.com\/wp-content\/uploads\/2025\/03\/pipespill.jpg?w=1600&amp;ssl=1 1600w\" sizes=\"auto, (max-width: 1000px) 100vw, 1000px\" \/><\/figure>\n<\/div>\n\n\n\n<div class=\"md:nfd-order-2 wp-block-column is-vertically-aligned-center is-content-justification-left is-layout-constrained wp-container-core-column-is-layout-e6de8758 wp-block-column-is-layout-constrained\">\n<div class=\"nfd-gap-md wp-block-group is-vertical is-content-justification-stretch is-layout-flex wp-container-core-group-is-layout-353c4f5a wp-block-group-is-layout-flex\">\n<div class=\"wp-block-group is-nowrap is-layout-flex wp-container-core-group-is-layout-6c531013 wp-block-group-is-layout-flex\">\n<div class=\"nfd-shadow-xs nfd-rounded-full nfd-bg-subtle wp-block-group is-layout-constrained wp-container-core-group-is-layout-c4486197 wp-block-group-is-layout-constrained\" style=\"padding-top:6px;padding-right:16px;padding-bottom:6px;padding-left:16px\">\n<p class=\"nfd-text-xs\" style=\"font-style:normal;font-weight:600;text-transform:uppercase\">Refiner\u00eda Esmeraldas<\/p>\n<\/div>\n<\/div>\n\n\n<h3 class=\"nfd-text-xl nfd-text-contrast nfd-text-balance wp-block-heading\" id=\"hydrocarbon-recovery\">RECUPERACI\u00d3N DE HIDROCARBUROS<\/h3>\n<\/div>\n\n\n\n<p class=\"has-text-align-left\">Ecuador&#8217;s petroleum recovery efforts include&nbsp;remediation of oil-contaminated areas, with Petroecuador, the state-owned oil company, focusing on soil remediation and source elimination, while also exploring enhanced oil recovery techniques like CO2-EOR.<\/p>\n<\/div>\n<\/div>\n\n\n\n<div class=\"nfd-container nfd-p-lg nfd-wb-features__features-11 wp-block-group is-layout-constrained wp-block-group-is-layout-constrained\">\n<div class=\"nfd-text-base nfd-gap-3xl wp-block-columns are-vertically-aligned-center is-layout-flex wp-container-core-columns-is-layout-28f84493 wp-block-columns-is-layout-flex\">\n<div class=\"md:nfd-order-2 nfd-text-md wp-block-column is-vertically-aligned-center is-layout-flow wp-container-core-column-is-layout-8eebadab wp-block-column-is-layout-flow\" style=\"flex-basis:50%\">\n<div class=\"nfd-gap-lg wp-block-group is-vertical is-content-justification-right is-layout-flex wp-container-core-group-is-layout-52219066 wp-block-group-is-layout-flex\"><h2 class=\"nfd-text-xl nfd-text-contrast nfd-text-balance wp-block-heading has-text-align-right\" id=\"environmental-considerations\"><strong>Consideraciones Ambientales<\/strong><\/h2>\n\n\n\n<p class=\"has-text-align-right\">Si bien la recuperaci\u00f3n de hidrocarburos es crucial para el suministro de energ\u00eda, presenta desaf\u00edos ambientales, incluidos las emisiones de gases de efecto invernadero, la contaminaci\u00f3n del agua subterr\u00e1nea y la alteraci\u00f3n del suelo. Pr\u00e1cticas sostenibles como la captura y almacenamiento de carbono (CCS), una mejor gesti\u00f3n del agua y regulaciones m\u00e1s estrictas ayudan a mitigar estos impactos.<\/p>\n\n\n<h3 class=\"wp-block-heading\" id=\"future-of-hydrocarbon-recovery\"><strong>Futuro de la Recuperaci\u00f3n de Hidrocarburos<\/strong><\/h3>\n\n\n\n<p class=\"has-text-align-right\">Con el impulso global hacia una energ\u00eda m\u00e1s limpia, la recuperaci\u00f3n de hidrocarburos est\u00e1 evolucionando hacia m\u00e9todos m\u00e1s sostenibles. Las innovaciones en t\u00e9cnicas de recuperaci\u00f3n mejorada, la tecnolog\u00eda digital en campos petroleros y la integraci\u00f3n de energ\u00edas alternativas dar\u00e1n forma al futuro de la industria, garantizando eficiencia mientras se reduce el impacto ambiental.<\/p>\n\n\n\n<p class=\"has-text-align-right\">En conclusi\u00f3n, la recuperaci\u00f3n de hidrocarburos sigue siendo un aspecto vital de la producci\u00f3n energ\u00e9tica global. Al aprovechar las tecnolog\u00edas avanzadas y las pr\u00e1cticas sostenibles, la industria puede seguir satisfaciendo la demanda de energ\u00eda mientras aborda las preocupaciones ambientales.<\/p>\n<\/div>\n<\/div>\n\n\n\n<div class=\"wp-block-column is-vertically-aligned-center is-layout-flow wp-container-core-column-is-layout-8a368f38 wp-block-column-is-layout-flow\" style=\"flex-basis:50%\">\n<figure class=\"nfd-rounded wp-block-image size-large\"><img data-recalc-dims=\"1\" loading=\"lazy\" decoding=\"async\" width=\"1024\" height=\"576\" src=\"https:\/\/i0.wp.com\/bacterplus.com\/wp-content\/uploads\/2025\/03\/3B6B2987-DA3D-4815-8D3E27F58175208F_source.webp?resize=1024%2C576&#038;ssl=1\" alt=\"\" class=\"wp-image-394\" style=\"aspect-ratio:1;object-fit:cover\" srcset=\"https:\/\/i0.wp.com\/bacterplus.com\/wp-content\/uploads\/2025\/03\/3B6B2987-DA3D-4815-8D3E27F58175208F_source.webp?resize=1024%2C576&amp;ssl=1 1024w, https:\/\/i0.wp.com\/bacterplus.com\/wp-content\/uploads\/2025\/03\/3B6B2987-DA3D-4815-8D3E27F58175208F_source.webp?resize=300%2C169&amp;ssl=1 300w, https:\/\/i0.wp.com\/bacterplus.com\/wp-content\/uploads\/2025\/03\/3B6B2987-DA3D-4815-8D3E27F58175208F_source.webp?resize=768%2C432&amp;ssl=1 768w, https:\/\/i0.wp.com\/bacterplus.com\/wp-content\/uploads\/2025\/03\/3B6B2987-DA3D-4815-8D3E27F58175208F_source.webp?resize=1536%2C864&amp;ssl=1 1536w, https:\/\/i0.wp.com\/bacterplus.com\/wp-content\/uploads\/2025\/03\/3B6B2987-DA3D-4815-8D3E27F58175208F_source.webp?w=1920&amp;ssl=1 1920w\" sizes=\"auto, (max-width: 1000px) 100vw, 1000px\" \/><\/figure>\n<\/div>\n<\/div>\n<\/div>\n\n\n\n<div class=\"nfd-container nfd-theme-dark nfd-bg-surface nfd-wb-call-to-action__cta-14 is-style-nfd-theme-dark wp-block-group alignfull is-layout-constrained wp-block-group-is-layout-constrained\">\n<div class=\"nfd-container nfd-p-card-square-lg wp-block-cover alignfull has-custom-content-position is-position-bottom-center\" style=\"min-height:100px;aspect-ratio:unset;\"><span aria-hidden=\"true\" class=\"wp-block-cover__background has-background-dim\" style=\"background-color:#3e3a35\"><\/span><img data-recalc-dims=\"1\" loading=\"lazy\" decoding=\"async\" width=\"2560\" height=\"1739\" class=\"wp-block-cover__image-background wp-image-393\" alt=\"\" src=\"https:\/\/i0.wp.com\/bacterplus.com\/wp-content\/uploads\/2025\/03\/Clean-up-after.webp?resize=2560%2C1739&#038;ssl=1\" data-object-fit=\"cover\" srcset=\"https:\/\/i0.wp.com\/bacterplus.com\/wp-content\/uploads\/2025\/03\/Clean-up-after.webp?w=2560&amp;ssl=1 2560w, https:\/\/i0.wp.com\/bacterplus.com\/wp-content\/uploads\/2025\/03\/Clean-up-after.webp?resize=300%2C204&amp;ssl=1 300w, https:\/\/i0.wp.com\/bacterplus.com\/wp-content\/uploads\/2025\/03\/Clean-up-after.webp?resize=1024%2C696&amp;ssl=1 1024w, https:\/\/i0.wp.com\/bacterplus.com\/wp-content\/uploads\/2025\/03\/Clean-up-after.webp?resize=768%2C522&amp;ssl=1 768w, https:\/\/i0.wp.com\/bacterplus.com\/wp-content\/uploads\/2025\/03\/Clean-up-after.webp?resize=1536%2C1043&amp;ssl=1 1536w, https:\/\/i0.wp.com\/bacterplus.com\/wp-content\/uploads\/2025\/03\/Clean-up-after.webp?resize=2048%2C1391&amp;ssl=1 2048w\" sizes=\"auto, (max-width: 1000px) 100vw, 1000px\" \/><div class=\"wp-block-cover__inner-container is-layout-constrained wp-block-cover-is-layout-constrained\">\n<div class=\"nfd-gap-xl wp-block-group is-content-justification-space-between is-layout-flex wp-container-core-group-is-layout-9366075c wp-block-group-is-layout-flex\">\n<div class=\"nfd-gap-lg wp-block-group is-vertical is-content-justification-left is-layout-flex wp-container-core-group-is-layout-b21d21b4 wp-block-group-is-layout-flex\"><h2 class=\"nfd-text-xl nfd-text-contrast nfd-text-balance wp-block-heading has-text-align-left\" id=\"bacter-plus\"><strong>Bacter Plus <\/strong><\/h2>\n\n\n<h2 class=\"nfd-text-xl nfd-text-contrast nfd-text-balance wp-block-heading has-text-align-left\" id=\"procedure\"><strong>Procedimiento de <\/strong><\/h2>\n\n\n<h2 class=\"nfd-text-xl nfd-text-contrast nfd-text-balance wp-block-heading has-text-align-left\" id=\"hydrocarbon\"><strong>Recuperaci\u00f3n de <\/strong><\/h2>\n\n\n<h2 class=\"nfd-text-xl nfd-text-contrast nfd-text-balance wp-block-heading has-text-align-left\" id=\"recovery\"><strong>Hidrocarburos<\/strong><\/h2>\n<\/div>\n<\/div>\n<\/div><\/div>\n<\/div>\n\n\n\n<div class=\"nfd-container nfd-p-lg nfd-theme-white nfd-bg-surface nfd-wb-features__features-18 is-style-nfd-theme-white wp-block-group has-background is-layout-constrained wp-block-group-is-layout-constrained\" style=\"background:linear-gradient(0deg,rgb(255,255,255) 0%,rgb(243,244,246) 84%)\">\n<div class=\"nfd-text-base  wp-block-columns is-layout-flex wp-container-core-columns-is-layout-c8ed38b0 wp-block-columns-is-layout-flex\">\n<div class=\"wp-block-column is-vertically-aligned-stretch is-layout-flow wp-block-column-is-layout-flow\">\n<div class=\"nfd-p-card-square nfd-gap-sm nfd-theme-white nfd-bg-surface is-style-nfd-theme-white wp-block-group is-vertical is-content-justification-center is-layout-flex wp-container-core-group-is-layout-ce155fab wp-block-group-is-layout-flex\" style=\"border-top-left-radius:20px;border-top-right-radius:0px;border-bottom-left-radius:0px;border-bottom-right-radius:0px\">\n<p class=\"\"><strong>Procedimiento de Bacter Plus en la Recuperaci\u00f3n de Hidrocarburos<\/strong><\/p>\n\n\n\n<p class=\"\">Bacter Plus es una tecnolog\u00eda de recuperaci\u00f3n mejorada de petr\u00f3leo mediante microorganismos (MEOR) que utiliza bacterias especialmente cultivadas para mejorar la extracci\u00f3n de hidrocarburos. El procedimiento implica:<\/p>\n\n\n\n<p class=\"\"><strong>Proceso de Recuperaci\u00f3n de Hidrocarburos:<\/strong>Una vez que se aplica Bacter Plus, el hidrocarburo se dirige hacia la secci\u00f3n de recuperaci\u00f3n equipada con skimmers, bombas de transferencia y sistemas de tanques r\u00e1pidos. Usando bombas de transferencia y asistencia manual, el hidrocarburo limpiado y fluidificado se transfiere a la planta de tratamiento de desechos para su purificaci\u00f3n final. El volumen final de hidrocarburo se registra restando el porcentaje de BS&amp;W del volumen neto de hidrocarburo.<\/p>\n\n\n\n<p class=\"\"><strong>Eliminaci\u00f3n de Residuos S\u00f3lidos Macrosc\u00f3picos:<\/strong>Inicialmente, se retiran los residuos s\u00f3lidos como madera, objetos pl\u00e1sticos, tanques de metal, mangueras y restos refractarios. Estos materiales se lavan con un demulsificante, se secan y se disponen adecuadamente de acuerdo con las normativas de gesti\u00f3n ambiental.<\/p>\n\n\n\n<p class=\"\"><strong>Proceso de Demulsificaci\u00f3n:<\/strong>Para recuperar hidrocarburos envejecidos de estanques contaminados, el contratista aplica el demulsificante E60R, que rompe la emulsi\u00f3n de hidrocarburos y reduce el contenido de Sedimentos B\u00e1sicos y Agua (BS&amp;W) del 60% a menos del 10%.<\/p>\n\n\n\n<p class=\"\"><strong>Aplicaci\u00f3n del Demulsificante E60R:<\/strong>El producto concentrado se diluye con agua del mismo estanque y se aplica utilizando bombas de presi\u00f3n. Esto inicia la separaci\u00f3n del agua, las part\u00edculas s\u00f3lidas y los hidrocarburos.<\/p>\n\n\n\n<p class=\"\"><strong>Mejora con Bacter Plus:<\/strong>Bacter Plus se introduce para estabilizar la mol\u00e9cula, prolongar su tiempo de permanencia en el medio y mejorar la eficiencia general de recuperaci\u00f3n. El m\u00e9todo de aplicaci\u00f3n es similar al del demulsificante.<\/p>\n<\/div>\n\n\n\n<div class=\"nfd-container nfd-p-lg nfd-wb-gallery__gallery-16 wp-block-group is-layout-constrained wp-block-group-is-layout-constrained\">\n<figure class=\"wp-block-gallery has-nested-images columns-default is-cropped wp-block-gallery-1 is-layout-flex wp-block-gallery-is-layout-flex\">\n<figure class=\"nfd-h-full nfd-img-object-right wp-block-image size-full\"><img data-recalc-dims=\"1\" loading=\"lazy\" decoding=\"async\" width=\"628\" height=\"455\" data-id=\"384\" src=\"https:\/\/i0.wp.com\/bacterplus.com\/wp-content\/uploads\/2025\/03\/1.jpg?resize=628%2C455&#038;ssl=1\" alt=\"\" class=\"wp-image-384\" style=\"aspect-ratio:4\/3;object-fit:cover\" srcset=\"https:\/\/i0.wp.com\/bacterplus.com\/wp-content\/uploads\/2025\/03\/1.jpg?w=628&amp;ssl=1 628w, https:\/\/i0.wp.com\/bacterplus.com\/wp-content\/uploads\/2025\/03\/1.jpg?resize=300%2C217&amp;ssl=1 300w\" sizes=\"auto, (max-width: 628px) 100vw, 628px\" \/><\/figure>\n\n\n\n<figure class=\"nfd-h-full nfd-img-object-left wp-block-image size-large\"><img data-recalc-dims=\"1\" loading=\"lazy\" decoding=\"async\" width=\"628\" height=\"455\" data-id=\"385\" src=\"https:\/\/i0.wp.com\/bacterplus.com\/wp-content\/uploads\/2025\/03\/2.jpg?resize=628%2C455&#038;ssl=1\" alt=\"\" class=\"wp-image-385\" style=\"aspect-ratio:4\/3;object-fit:cover\" srcset=\"https:\/\/i0.wp.com\/bacterplus.com\/wp-content\/uploads\/2025\/03\/2.jpg?w=628&amp;ssl=1 628w, https:\/\/i0.wp.com\/bacterplus.com\/wp-content\/uploads\/2025\/03\/2.jpg?resize=300%2C217&amp;ssl=1 300w\" sizes=\"auto, (max-width: 628px) 100vw, 628px\" \/><\/figure>\n\n\n\n<figure class=\"nfd-h-full nfd-img-object-right wp-block-image size-full\"><img data-recalc-dims=\"1\" loading=\"lazy\" decoding=\"async\" width=\"628\" height=\"455\" data-id=\"386\" src=\"https:\/\/i0.wp.com\/bacterplus.com\/wp-content\/uploads\/2025\/03\/4.jpg?resize=628%2C455&#038;ssl=1\" alt=\"\" class=\"wp-image-386\" style=\"aspect-ratio:4\/3;object-fit:cover\" srcset=\"https:\/\/i0.wp.com\/bacterplus.com\/wp-content\/uploads\/2025\/03\/4.jpg?w=628&amp;ssl=1 628w, https:\/\/i0.wp.com\/bacterplus.com\/wp-content\/uploads\/2025\/03\/4.jpg?resize=300%2C217&amp;ssl=1 300w\" sizes=\"auto, (max-width: 628px) 100vw, 628px\" \/><\/figure>\n\n\n\n<figure class=\"nfd-h-full nfd-img-object-left wp-block-image size-large\"><img data-recalc-dims=\"1\" loading=\"lazy\" decoding=\"async\" width=\"628\" height=\"455\" data-id=\"387\" src=\"https:\/\/i0.wp.com\/bacterplus.com\/wp-content\/uploads\/2025\/03\/6.jpg?resize=628%2C455&#038;ssl=1\" alt=\"\" class=\"wp-image-387\" style=\"aspect-ratio:4\/3;object-fit:cover\" srcset=\"https:\/\/i0.wp.com\/bacterplus.com\/wp-content\/uploads\/2025\/03\/6.jpg?w=628&amp;ssl=1 628w, https:\/\/i0.wp.com\/bacterplus.com\/wp-content\/uploads\/2025\/03\/6.jpg?resize=300%2C217&amp;ssl=1 300w\" sizes=\"auto, (max-width: 628px) 100vw, 628px\" \/><\/figure>\n\n\n\n<figure class=\"nfd-h-full nfd-img-object-right wp-block-image size-full\"><img data-recalc-dims=\"1\" loading=\"lazy\" decoding=\"async\" width=\"628\" height=\"455\" data-id=\"388\" src=\"https:\/\/i0.wp.com\/bacterplus.com\/wp-content\/uploads\/2025\/03\/7.jpg?resize=628%2C455&#038;ssl=1\" alt=\"\" class=\"wp-image-388\" style=\"aspect-ratio:4\/3;object-fit:cover\" srcset=\"https:\/\/i0.wp.com\/bacterplus.com\/wp-content\/uploads\/2025\/03\/7.jpg?w=628&amp;ssl=1 628w, https:\/\/i0.wp.com\/bacterplus.com\/wp-content\/uploads\/2025\/03\/7.jpg?resize=300%2C217&amp;ssl=1 300w\" sizes=\"auto, (max-width: 628px) 100vw, 628px\" \/><\/figure>\n\n\n\n<figure class=\"nfd-h-full nfd-img-object-left wp-block-image size-large\"><img data-recalc-dims=\"1\" loading=\"lazy\" decoding=\"async\" width=\"628\" height=\"455\" data-id=\"389\" src=\"https:\/\/i0.wp.com\/bacterplus.com\/wp-content\/uploads\/2025\/03\/8.jpg?resize=628%2C455&#038;ssl=1\" alt=\"\" class=\"wp-image-389\" style=\"aspect-ratio:4\/3;object-fit:cover\" srcset=\"https:\/\/i0.wp.com\/bacterplus.com\/wp-content\/uploads\/2025\/03\/8.jpg?w=628&amp;ssl=1 628w, https:\/\/i0.wp.com\/bacterplus.com\/wp-content\/uploads\/2025\/03\/8.jpg?resize=300%2C217&amp;ssl=1 300w\" sizes=\"auto, (max-width: 628px) 100vw, 628px\" \/><\/figure>\n\n\n\n<figure class=\"nfd-h-full nfd-img-object-right wp-block-image size-full\"><img data-recalc-dims=\"1\" loading=\"lazy\" decoding=\"async\" width=\"628\" height=\"455\" data-id=\"390\" src=\"https:\/\/i0.wp.com\/bacterplus.com\/wp-content\/uploads\/2025\/03\/5.jpg?resize=628%2C455&#038;ssl=1\" alt=\"\" class=\"wp-image-390\" style=\"aspect-ratio:4\/3;object-fit:cover\" srcset=\"https:\/\/i0.wp.com\/bacterplus.com\/wp-content\/uploads\/2025\/03\/5.jpg?w=628&amp;ssl=1 628w, https:\/\/i0.wp.com\/bacterplus.com\/wp-content\/uploads\/2025\/03\/5.jpg?resize=300%2C217&amp;ssl=1 300w\" sizes=\"auto, (max-width: 628px) 100vw, 628px\" \/><\/figure>\n\n\n\n<figure class=\"nfd-h-full nfd-img-object-left wp-block-image size-large\"><img data-recalc-dims=\"1\" loading=\"lazy\" decoding=\"async\" width=\"628\" height=\"455\" data-id=\"391\" src=\"https:\/\/i0.wp.com\/bacterplus.com\/wp-content\/uploads\/2025\/03\/3.jpg?resize=628%2C455&#038;ssl=1\" alt=\"\" class=\"wp-image-391\" style=\"aspect-ratio:4\/3;object-fit:cover\" srcset=\"https:\/\/i0.wp.com\/bacterplus.com\/wp-content\/uploads\/2025\/03\/3.jpg?w=628&amp;ssl=1 628w, https:\/\/i0.wp.com\/bacterplus.com\/wp-content\/uploads\/2025\/03\/3.jpg?resize=300%2C217&amp;ssl=1 300w\" sizes=\"auto, (max-width: 628px) 100vw, 628px\" \/><\/figure>\n\n\n\n<figure class=\"nfd-h-full nfd-img-object-left wp-block-image size-large\"><img data-recalc-dims=\"1\" loading=\"lazy\" decoding=\"async\" width=\"628\" height=\"455\" data-id=\"392\" src=\"https:\/\/i0.wp.com\/bacterplus.com\/wp-content\/uploads\/2025\/03\/9.jpg?resize=628%2C455&#038;ssl=1\" alt=\"\" class=\"wp-image-392\" style=\"aspect-ratio:4\/3;object-fit:cover\" srcset=\"https:\/\/i0.wp.com\/bacterplus.com\/wp-content\/uploads\/2025\/03\/9.jpg?w=628&amp;ssl=1 628w, https:\/\/i0.wp.com\/bacterplus.com\/wp-content\/uploads\/2025\/03\/9.jpg?resize=300%2C217&amp;ssl=1 300w\" sizes=\"auto, (max-width: 628px) 100vw, 628px\" \/><\/figure>\n<\/figure>\n<\/div>\n<\/div>\n<\/div>\n<\/div>","protected":false},"excerpt":{"rendered":"<p>Esmeraldas Refinery HYDROCARBON RECOVERY Ecuador&#8217;s petroleum recovery efforts include&nbsp;remediation of oil-contaminated areas, with Petroecuador, the state-owned oil company, focusing on soil remediation and source elimination, while also exploring enhanced oil recovery techniques like CO2-EOR. Environmental Considerations While hydrocarbon recovery is crucial for energy supply, it poses environmental challenges, including greenhouse gas emissions, groundwater contamination, and [&hellip;]<\/p>\n","protected":false},"author":1,"featured_media":0,"parent":0,"menu_order":0,"comment_status":"closed","ping_status":"closed","template":"","meta":{"nf_dc_page":"","om_disable_all_campaigns":false,"_monsterinsights_skip_tracking":false,"_monsterinsights_sitenote_active":false,"_monsterinsights_sitenote_note":"","_monsterinsights_sitenote_category":0,"footnotes":""},"class_list":["post-382","page","type-page","status-publish","hentry"],"yoast_head":"<!-- This site is optimized with the Yoast SEO plugin v27.5 - https:\/\/yoast.com\/product\/yoast-seo-wordpress\/ -->\n<title>Hydrocarbon Recovery -<\/title>\n<meta name=\"robots\" content=\"index, follow, max-snippet:-1, max-image-preview:large, max-video-preview:-1\" \/>\n<link rel=\"canonical\" href=\"https:\/\/bacterplus.com\/es\/hydrocarbon-recovery\/\" \/>\n<meta property=\"og:locale\" content=\"es_ES\" \/>\n<meta property=\"og:type\" content=\"article\" \/>\n<meta property=\"og:title\" content=\"Hydrocarbon Recovery -\" \/>\n<meta property=\"og:description\" content=\"Esmeraldas Refinery HYDROCARBON RECOVERY Ecuador&#8217;s petroleum recovery efforts include&nbsp;remediation of oil-contaminated areas, with Petroecuador, the state-owned oil company, focusing on soil remediation and source elimination, while also exploring enhanced oil recovery techniques like CO2-EOR. Environmental Considerations While hydrocarbon recovery is crucial for energy supply, it poses environmental challenges, including greenhouse gas emissions, groundwater contamination, and [&hellip;]\" \/>\n<meta property=\"og:url\" content=\"https:\/\/bacterplus.com\/es\/hydrocarbon-recovery\/\" \/>\n<meta property=\"article:modified_time\" content=\"2025-04-07T22:18:32+00:00\" \/>\n<meta property=\"og:image\" content=\"https:\/\/bacterplus.com\/wp-content\/uploads\/2025\/03\/pipespill-1024x768.jpg\" \/>\n<meta name=\"twitter:card\" content=\"summary_large_image\" \/>\n<meta name=\"twitter:label1\" content=\"Tiempo de lectura\" \/>\n\t<meta name=\"twitter:data1\" content=\"5 minutos\" \/>\n<script type=\"application\/ld+json\" class=\"yoast-schema-graph\">{\"@context\":\"https:\\\/\\\/schema.org\",\"@graph\":[{\"@type\":\"WebPage\",\"@id\":\"https:\\\/\\\/bacterplus.com\\\/hydrocarbon-recovery\\\/\",\"url\":\"https:\\\/\\\/bacterplus.com\\\/hydrocarbon-recovery\\\/\",\"name\":\"Hydrocarbon Recovery -\",\"isPartOf\":{\"@id\":\"https:\\\/\\\/llm.jzu.mybluehost.me\\\/#website\"},\"primaryImageOfPage\":{\"@id\":\"https:\\\/\\\/bacterplus.com\\\/hydrocarbon-recovery\\\/#primaryimage\"},\"image\":{\"@id\":\"https:\\\/\\\/bacterplus.com\\\/hydrocarbon-recovery\\\/#primaryimage\"},\"thumbnailUrl\":\"https:\\\/\\\/bacterplus.com\\\/wp-content\\\/uploads\\\/2025\\\/03\\\/pipespill-1024x768.jpg\",\"datePublished\":\"2025-03-18T23:32:05+00:00\",\"dateModified\":\"2025-04-07T22:18:32+00:00\",\"breadcrumb\":{\"@id\":\"https:\\\/\\\/bacterplus.com\\\/hydrocarbon-recovery\\\/#breadcrumb\"},\"inLanguage\":\"es\",\"potentialAction\":[{\"@type\":\"ReadAction\",\"target\":[\"https:\\\/\\\/bacterplus.com\\\/hydrocarbon-recovery\\\/\"]}]},{\"@type\":\"ImageObject\",\"inLanguage\":\"es\",\"@id\":\"https:\\\/\\\/bacterplus.com\\\/hydrocarbon-recovery\\\/#primaryimage\",\"url\":\"https:\\\/\\\/bacterplus.com\\\/wp-content\\\/uploads\\\/2025\\\/03\\\/pipespill-1024x768.jpg\",\"contentUrl\":\"https:\\\/\\\/bacterplus.com\\\/wp-content\\\/uploads\\\/2025\\\/03\\\/pipespill-1024x768.jpg\"},{\"@type\":\"BreadcrumbList\",\"@id\":\"https:\\\/\\\/bacterplus.com\\\/hydrocarbon-recovery\\\/#breadcrumb\",\"itemListElement\":[{\"@type\":\"ListItem\",\"position\":1,\"name\":\"Home\",\"item\":\"https:\\\/\\\/llm.jzu.mybluehost.me\\\/\"},{\"@type\":\"ListItem\",\"position\":2,\"name\":\"Hydrocarbon Recovery\"}]},{\"@type\":\"WebSite\",\"@id\":\"https:\\\/\\\/llm.jzu.mybluehost.me\\\/#website\",\"url\":\"https:\\\/\\\/llm.jzu.mybluehost.me\\\/\",\"name\":\"\",\"description\":\"Let\u2019s Give Life Back to Our Earth\",\"potentialAction\":[{\"@type\":\"SearchAction\",\"target\":{\"@type\":\"EntryPoint\",\"urlTemplate\":\"https:\\\/\\\/llm.jzu.mybluehost.me\\\/?s={search_term_string}\"},\"query-input\":{\"@type\":\"PropertyValueSpecification\",\"valueRequired\":true,\"valueName\":\"search_term_string\"}}],\"inLanguage\":\"es\"}]}<\/script>\n<!-- \/ Yoast SEO plugin. -->","yoast_head_json":{"title":"Hydrocarbon Recovery -","robots":{"index":"index","follow":"follow","max-snippet":"max-snippet:-1","max-image-preview":"max-image-preview:large","max-video-preview":"max-video-preview:-1"},"canonical":"https:\/\/bacterplus.com\/es\/hydrocarbon-recovery\/","og_locale":"es_ES","og_type":"article","og_title":"Hydrocarbon Recovery -","og_description":"Esmeraldas Refinery HYDROCARBON RECOVERY Ecuador&#8217;s petroleum recovery efforts include&nbsp;remediation of oil-contaminated areas, with Petroecuador, the state-owned oil company, focusing on soil remediation and source elimination, while also exploring enhanced oil recovery techniques like CO2-EOR. Environmental Considerations While hydrocarbon recovery is crucial for energy supply, it poses environmental challenges, including greenhouse gas emissions, groundwater contamination, and [&hellip;]","og_url":"https:\/\/bacterplus.com\/es\/hydrocarbon-recovery\/","article_modified_time":"2025-04-07T22:18:32+00:00","og_image":[{"url":"https:\/\/bacterplus.com\/wp-content\/uploads\/2025\/03\/pipespill-1024x768.jpg","type":"","width":"","height":""}],"twitter_card":"summary_large_image","twitter_misc":{"Tiempo de lectura":"5 minutos"},"schema":{"@context":"https:\/\/schema.org","@graph":[{"@type":"WebPage","@id":"https:\/\/bacterplus.com\/hydrocarbon-recovery\/","url":"https:\/\/bacterplus.com\/hydrocarbon-recovery\/","name":"Hydrocarbon Recovery -","isPartOf":{"@id":"https:\/\/llm.jzu.mybluehost.me\/#website"},"primaryImageOfPage":{"@id":"https:\/\/bacterplus.com\/hydrocarbon-recovery\/#primaryimage"},"image":{"@id":"https:\/\/bacterplus.com\/hydrocarbon-recovery\/#primaryimage"},"thumbnailUrl":"https:\/\/bacterplus.com\/wp-content\/uploads\/2025\/03\/pipespill-1024x768.jpg","datePublished":"2025-03-18T23:32:05+00:00","dateModified":"2025-04-07T22:18:32+00:00","breadcrumb":{"@id":"https:\/\/bacterplus.com\/hydrocarbon-recovery\/#breadcrumb"},"inLanguage":"es","potentialAction":[{"@type":"ReadAction","target":["https:\/\/bacterplus.com\/hydrocarbon-recovery\/"]}]},{"@type":"ImageObject","inLanguage":"es","@id":"https:\/\/bacterplus.com\/hydrocarbon-recovery\/#primaryimage","url":"https:\/\/bacterplus.com\/wp-content\/uploads\/2025\/03\/pipespill-1024x768.jpg","contentUrl":"https:\/\/bacterplus.com\/wp-content\/uploads\/2025\/03\/pipespill-1024x768.jpg"},{"@type":"BreadcrumbList","@id":"https:\/\/bacterplus.com\/hydrocarbon-recovery\/#breadcrumb","itemListElement":[{"@type":"ListItem","position":1,"name":"Home","item":"https:\/\/llm.jzu.mybluehost.me\/"},{"@type":"ListItem","position":2,"name":"Hydrocarbon Recovery"}]},{"@type":"WebSite","@id":"https:\/\/llm.jzu.mybluehost.me\/#website","url":"https:\/\/llm.jzu.mybluehost.me\/","name":"","description":"Let\u2019s Give Life Back to Our Earth","potentialAction":[{"@type":"SearchAction","target":{"@type":"EntryPoint","urlTemplate":"https:\/\/llm.jzu.mybluehost.me\/?s={search_term_string}"},"query-input":{"@type":"PropertyValueSpecification","valueRequired":true,"valueName":"search_term_string"}}],"inLanguage":"es"}]}},"jetpack_sharing_enabled":true,"_links":{"self":[{"href":"https:\/\/bacterplus.com\/es\/wp-json\/wp\/v2\/pages\/382","targetHints":{"allow":["GET"]}}],"collection":[{"href":"https:\/\/bacterplus.com\/es\/wp-json\/wp\/v2\/pages"}],"about":[{"href":"https:\/\/bacterplus.com\/es\/wp-json\/wp\/v2\/types\/page"}],"author":[{"embeddable":true,"href":"https:\/\/bacterplus.com\/es\/wp-json\/wp\/v2\/users\/1"}],"replies":[{"embeddable":true,"href":"https:\/\/bacterplus.com\/es\/wp-json\/wp\/v2\/comments?post=382"}],"version-history":[{"count":3,"href":"https:\/\/bacterplus.com\/es\/wp-json\/wp\/v2\/pages\/382\/revisions"}],"predecessor-version":[{"id":432,"href":"https:\/\/bacterplus.com\/es\/wp-json\/wp\/v2\/pages\/382\/revisions\/432"}],"wp:attachment":[{"href":"https:\/\/bacterplus.com\/es\/wp-json\/wp\/v2\/media?parent=382"}],"curies":[{"name":"wp","href":"https:\/\/api.w.org\/{rel}","templated":true}]}}