{"id":162,"date":"2025-02-28T21:28:32","date_gmt":"2025-02-28T21:28:32","guid":{"rendered":"https:\/\/bacterplus.com\/?page_id=162"},"modified":"2025-03-28T13:32:18","modified_gmt":"2025-03-28T13:32:18","slug":"summary","status":"publish","type":"page","link":"https:\/\/bacterplus.com\/es\/summary\/","title":{"rendered":"Resumen"},"content":{"rendered":"<p class=\"\"><\/p>\n\n\n\n<p class=\"has-text-align-center\">PLUS 1 es una soluci\u00f3n de vanguardia basada en biotecnolog\u00eda que ofrece un enfoque natural, seguro y efectivo para la restauraci\u00f3n ambiental, la agricultura, la acuicultura y la gesti\u00f3n de residuos. Con m\u00e1s de 20 a\u00f1os de investigaci\u00f3n y resultados probados, PLUS 1 se ha convertido en una soluci\u00f3n confiable y certificada para las industrias que buscan alternativas sostenibles.<\/p>\n\n\n\n<div class=\"nfd-container nfd-p-lg nfd-theme-white nfd-bg-surface nfd-wb-features__features-1 is-style-nfd-theme-white wp-block-group is-layout-constrained wp-block-group-is-layout-constrained\">\n<div class=\"nfd-gap-xl wp-block-columns is-layout-flex wp-container-core-columns-is-layout-28f84493 wp-block-columns-is-layout-flex\">\n<div class=\"wp-block-column is-layout-flow wp-block-column-is-layout-flow\">\n<div class=\"nfd-gap-md nfd-text-balance nfd-text-faded nfd-text-base wp-block-group is-vertical is-layout-flex wp-container-core-group-is-layout-fe9cc265 wp-block-group-is-layout-flex\">\n<div class=\"nfd-gap-0 wp-block-group is-vertical is-layout-flex wp-container-core-group-is-layout-fe9cc265 wp-block-group-is-layout-flex\"><h3 class=\"nfd-text-md nfd-text-contrast wp-block-heading\" style=\"font-style:normal;font-weight:500\" id=\"environmental-agricultural-benefits\"><strong>Beneficios Ambientales y Agr\u00edcolas<\/strong><\/h3>\n<\/div>\n\n\n\n<p class=\"\">Restaura la fertilidad del suelo, mejora la calidad del agua y aumenta la productividad en acuicultura.<\/p>\n\n\n\n<p class=\"\">Acelera el proceso de compostaje y reduce la acumulaci\u00f3n de residuos, convirti\u00e9ndolo en un agente clave de biorremediaci\u00f3n.<\/p>\n<\/div>\n<\/div>\n\n\n\n<div class=\"wp-block-column is-layout-flow wp-block-column-is-layout-flow\">\n<div class=\"nfd-gap-md nfd-text-balance nfd-text-faded nfd-text-base wp-block-group is-vertical is-layout-flex wp-container-core-group-is-layout-fe9cc265 wp-block-group-is-layout-flex\">\n<div class=\"nfd-gap-0 wp-block-group is-vertical is-layout-flex wp-container-core-group-is-layout-fe9cc265 wp-block-group-is-layout-flex\"><h3 class=\"nfd-text-md nfd-text-contrast wp-block-heading\" style=\"font-style:normal;font-weight:500\" id=\"nongmo-safe-for-humans\"><strong>No transg\u00e9nico y seguro para los seres humanos<\/strong><\/h3>\n<\/div>\n\n\n\n<p class=\"\">PLUS 1 no es gen\u00e9ticamente modificado (No transg\u00e9nico) y es completamente seguro para los seres humanos, los animales y los ecosistemas.<\/p>\n\n\n\n<p class=\"\">Aprobado por el Ministerio de Salud P\u00fablica de Ecuador y por el programa BioPreferred del USDA.<\/p>\n<\/div>\n<\/div>\n\n\n\n<div class=\"wp-block-column is-layout-flow wp-block-column-is-layout-flow\">\n<div class=\"nfd-gap-md nfd-text-balance nfd-text-faded nfd-text-base wp-block-group is-vertical is-layout-flex wp-container-core-group-is-layout-fe9cc265 wp-block-group-is-layout-flex\">\n<div class=\"nfd-gap-0 wp-block-group is-vertical is-layout-flex wp-container-core-group-is-layout-fe9cc265 wp-block-group-is-layout-flex\"><h3 class=\"nfd-text-md nfd-text-contrast wp-block-heading\" style=\"font-style:normal;font-weight:500\" id=\"costeffective-easy-insitu-application\">\n<strong>Econ\u00f3mico y F\u00e1cil <\/strong>  <strong>Aplicaci\u00f3n In Situ<\/strong>\n<\/h3>\n<\/div>\n\n\n\n<p class=\"\">No requiere infraestructura compleja ni equipos costosos\u2014simplemente apl\u00edquelo en el lugar para obtener resultados inmediatos.<\/p>\n\n\n\n<p class=\"\">Reduce la dependencia de qu\u00edmicos en la agricultura, la acuicultura y el tratamiento de residuos.<\/p>\n<\/div>\n<\/div>\n\n\n\n<div class=\"wp-block-column is-layout-flow wp-block-column-is-layout-flow\">\n<div class=\"nfd-gap-md nfd-text-balance nfd-text-faded nfd-text-base wp-block-group is-vertical is-layout-flex wp-container-core-group-is-layout-fe9cc265 wp-block-group-is-layout-flex\">\n<div class=\"nfd-gap-0 wp-block-group is-vertical is-layout-flex wp-container-core-group-is-layout-fe9cc265 wp-block-group-is-layout-flex\"><h3 class=\"nfd-text-md nfd-text-contrast wp-block-heading\" style=\"font-style:normal;font-weight:500\" id=\"proven-success-in-waste-water-treatment\"><strong>\u00c9xito Comprobado en el Tratamiento de Residuos y Aguas<\/strong><\/h3>\n<\/div>\n\n\n\n<p class=\"\">Usado con \u00e9xito en camaroneras, plantas de tratamiento de aguas residuales y proyectos de biorremediaci\u00f3n de hidrocarburos.<\/p>\n\n\n\n<p class=\"\">Certificado por agencias gubernamentales y organizaciones ambientales internacionales<\/p>\n<\/div>\n<\/div>\n<\/div>\n<\/div>","protected":false},"excerpt":{"rendered":"<p>PLUS 1 is a cutting-edge, bio-based solution that offers a natural, safe, and effective approach to environmental restoration, agriculture, aquaculture, and waste management. With over 20 years of research and proven results, PLUS 1 has become a trusted and certified solution for industries seeking sustainable alternatives. Environmental &amp; Agricultural Benefits Restores soil fertility, improves water [&hellip;]<\/p>\n","protected":false},"author":1,"featured_media":0,"parent":0,"menu_order":0,"comment_status":"closed","ping_status":"closed","template":"","meta":{"nf_dc_page":"","om_disable_all_campaigns":false,"_monsterinsights_skip_tracking":false,"_monsterinsights_sitenote_active":false,"_monsterinsights_sitenote_note":"","_monsterinsights_sitenote_category":0,"footnotes":""},"class_list":["post-162","page","type-page","status-publish","hentry"],"yoast_head":"<!-- This site is optimized with the Yoast SEO plugin v27.5 - https:\/\/yoast.com\/product\/yoast-seo-wordpress\/ -->\n<title>Summary -<\/title>\n<meta name=\"robots\" content=\"index, follow, max-snippet:-1, max-image-preview:large, max-video-preview:-1\" \/>\n<link rel=\"canonical\" href=\"https:\/\/bacterplus.com\/es\/summary\/\" \/>\n<meta property=\"og:locale\" content=\"es_ES\" \/>\n<meta property=\"og:type\" content=\"article\" \/>\n<meta property=\"og:title\" content=\"Summary -\" \/>\n<meta property=\"og:description\" content=\"PLUS 1 is a cutting-edge, bio-based solution that offers a natural, safe, and effective approach to environmental restoration, agriculture, aquaculture, and waste management. With over 20 years of research and proven results, PLUS 1 has become a trusted and certified solution for industries seeking sustainable alternatives. Environmental &amp; Agricultural Benefits Restores soil fertility, improves water [&hellip;]\" \/>\n<meta property=\"og:url\" content=\"https:\/\/bacterplus.com\/es\/summary\/\" \/>\n<meta property=\"article:modified_time\" content=\"2025-03-28T13:32:18+00:00\" \/>\n<meta name=\"twitter:card\" content=\"summary_large_image\" \/>\n<meta name=\"twitter:label1\" content=\"Tiempo de lectura\" \/>\n\t<meta name=\"twitter:data1\" content=\"1 minuto\" \/>\n<script type=\"application\/ld+json\" class=\"yoast-schema-graph\">{\"@context\":\"https:\\\/\\\/schema.org\",\"@graph\":[{\"@type\":\"WebPage\",\"@id\":\"https:\\\/\\\/bacterplus.com\\\/summary\\\/\",\"url\":\"https:\\\/\\\/bacterplus.com\\\/summary\\\/\",\"name\":\"Summary -\",\"isPartOf\":{\"@id\":\"https:\\\/\\\/llm.jzu.mybluehost.me\\\/#website\"},\"datePublished\":\"2025-02-28T21:28:32+00:00\",\"dateModified\":\"2025-03-28T13:32:18+00:00\",\"breadcrumb\":{\"@id\":\"https:\\\/\\\/bacterplus.com\\\/summary\\\/#breadcrumb\"},\"inLanguage\":\"es\",\"potentialAction\":[{\"@type\":\"ReadAction\",\"target\":[\"https:\\\/\\\/bacterplus.com\\\/summary\\\/\"]}]},{\"@type\":\"BreadcrumbList\",\"@id\":\"https:\\\/\\\/bacterplus.com\\\/summary\\\/#breadcrumb\",\"itemListElement\":[{\"@type\":\"ListItem\",\"position\":1,\"name\":\"Home\",\"item\":\"https:\\\/\\\/llm.jzu.mybluehost.me\\\/\"},{\"@type\":\"ListItem\",\"position\":2,\"name\":\"Summary\"}]},{\"@type\":\"WebSite\",\"@id\":\"https:\\\/\\\/llm.jzu.mybluehost.me\\\/#website\",\"url\":\"https:\\\/\\\/llm.jzu.mybluehost.me\\\/\",\"name\":\"\",\"description\":\"Let\u2019s Give Life Back to Our Earth\",\"potentialAction\":[{\"@type\":\"SearchAction\",\"target\":{\"@type\":\"EntryPoint\",\"urlTemplate\":\"https:\\\/\\\/llm.jzu.mybluehost.me\\\/?s={search_term_string}\"},\"query-input\":{\"@type\":\"PropertyValueSpecification\",\"valueRequired\":true,\"valueName\":\"search_term_string\"}}],\"inLanguage\":\"es\"}]}<\/script>\n<!-- \/ Yoast SEO plugin. -->","yoast_head_json":{"title":"Summary -","robots":{"index":"index","follow":"follow","max-snippet":"max-snippet:-1","max-image-preview":"max-image-preview:large","max-video-preview":"max-video-preview:-1"},"canonical":"https:\/\/bacterplus.com\/es\/summary\/","og_locale":"es_ES","og_type":"article","og_title":"Summary -","og_description":"PLUS 1 is a cutting-edge, bio-based solution that offers a natural, safe, and effective approach to environmental restoration, agriculture, aquaculture, and waste management. With over 20 years of research and proven results, PLUS 1 has become a trusted and certified solution for industries seeking sustainable alternatives. Environmental &amp; Agricultural Benefits Restores soil fertility, improves water [&hellip;]","og_url":"https:\/\/bacterplus.com\/es\/summary\/","article_modified_time":"2025-03-28T13:32:18+00:00","twitter_card":"summary_large_image","twitter_misc":{"Tiempo de lectura":"1 minuto"},"schema":{"@context":"https:\/\/schema.org","@graph":[{"@type":"WebPage","@id":"https:\/\/bacterplus.com\/summary\/","url":"https:\/\/bacterplus.com\/summary\/","name":"Summary -","isPartOf":{"@id":"https:\/\/llm.jzu.mybluehost.me\/#website"},"datePublished":"2025-02-28T21:28:32+00:00","dateModified":"2025-03-28T13:32:18+00:00","breadcrumb":{"@id":"https:\/\/bacterplus.com\/summary\/#breadcrumb"},"inLanguage":"es","potentialAction":[{"@type":"ReadAction","target":["https:\/\/bacterplus.com\/summary\/"]}]},{"@type":"BreadcrumbList","@id":"https:\/\/bacterplus.com\/summary\/#breadcrumb","itemListElement":[{"@type":"ListItem","position":1,"name":"Home","item":"https:\/\/llm.jzu.mybluehost.me\/"},{"@type":"ListItem","position":2,"name":"Summary"}]},{"@type":"WebSite","@id":"https:\/\/llm.jzu.mybluehost.me\/#website","url":"https:\/\/llm.jzu.mybluehost.me\/","name":"","description":"Let\u2019s Give Life Back to Our Earth","potentialAction":[{"@type":"SearchAction","target":{"@type":"EntryPoint","urlTemplate":"https:\/\/llm.jzu.mybluehost.me\/?s={search_term_string}"},"query-input":{"@type":"PropertyValueSpecification","valueRequired":true,"valueName":"search_term_string"}}],"inLanguage":"es"}]}},"jetpack_sharing_enabled":true,"_links":{"self":[{"href":"https:\/\/bacterplus.com\/es\/wp-json\/wp\/v2\/pages\/162","targetHints":{"allow":["GET"]}}],"collection":[{"href":"https:\/\/bacterplus.com\/es\/wp-json\/wp\/v2\/pages"}],"about":[{"href":"https:\/\/bacterplus.com\/es\/wp-json\/wp\/v2\/types\/page"}],"author":[{"embeddable":true,"href":"https:\/\/bacterplus.com\/es\/wp-json\/wp\/v2\/users\/1"}],"replies":[{"embeddable":true,"href":"https:\/\/bacterplus.com\/es\/wp-json\/wp\/v2\/comments?post=162"}],"version-history":[{"count":4,"href":"https:\/\/bacterplus.com\/es\/wp-json\/wp\/v2\/pages\/162\/revisions"}],"predecessor-version":[{"id":416,"href":"https:\/\/bacterplus.com\/es\/wp-json\/wp\/v2\/pages\/162\/revisions\/416"}],"wp:attachment":[{"href":"https:\/\/bacterplus.com\/es\/wp-json\/wp\/v2\/media?parent=162"}],"curies":[{"name":"wp","href":"https:\/\/api.w.org\/{rel}","templated":true}]}}