{"id":160,"date":"2025-02-28T23:22:30","date_gmt":"2025-02-28T23:22:30","guid":{"rendered":"https:\/\/bacterplus.com\/?page_id=160"},"modified":"2025-03-10T18:15:49","modified_gmt":"2025-03-10T18:15:49","slug":"applications","status":"publish","type":"page","link":"https:\/\/bacterplus.com\/es\/applications\/","title":{"rendered":"Aplicaci\u00f3nes"},"content":{"rendered":"<p class=\"\"><\/p>\n\n\n\n<p class=\"has-text-align-center\">PLUS 1 es un producto multifuncional de base biol\u00f3gica dise\u00f1ado para abordar desaf\u00edos ambientales mediante la biorremediaci\u00f3n, el tratamiento de residuos y la mejora agr\u00edcola. Su tecnolog\u00eda microbiana \u00fanica permite la descomposici\u00f3n de contaminantes, la restauraci\u00f3n de ecosistemas y la mejora de la calidad del suelo y del agua.<\/p>\n\n\n\n<div class=\"nfd-container nfd-theme-white nfd-bg-surface nfd-wb-features__features-29 is-style-nfd-theme-white wp-block-group is-layout-constrained wp-container-core-group-is-layout-19e250f3 wp-block-group-is-layout-constrained\">\n<div class=\"wp-block-columns is-layout-flex wp-container-core-columns-is-layout-28232c24 wp-block-columns-is-layout-flex\">\n<div class=\"md:nfd-order-2 nfd-p-card-square-lg wp-block-column is-vertically-aligned-center is-layout-flow wp-container-core-column-is-layout-8eebadab wp-block-column-is-layout-flow\"><h3 class=\"nfd-text-xl nfd-text-contrast nfd-text-balance wp-block-heading\" id=\"wastewater-treatment\"><strong>Tratamiento de Aguas Residuales<\/strong><\/h3>\n\n\n\n<div class=\"nfd-text-faded wp-block-group is-content-justification-left is-layout-constrained wp-container-core-group-is-layout-7526a028 wp-block-group-is-layout-constrained\"><ul class=\"wp-block-list is-layout-flex wp-container-core-list-is-layout-fe9cc265 wp-block-list-is-layout-flex\" style=\"\">\n<li class=\"\">\n<strong>Neutraliza Contaminantes<\/strong> \u2013 Descompone residuos org\u00e1nicos, contaminantes industriales y bacterias da\u00f1inas en sistemas de aguas residuales municipales e industriales.<\/li>\n\n\n\n<li class=\"\">\n<strong>Reduce la Dependencia de Productos Qu\u00edmicos<\/strong> \u2013 Eliminates the need for harsh chemical treatments, making it a natural and eco-friendly alternative.<\/li>\n\n\n\n<li class=\"\">\n<strong>Mejora la Calidad del Agua<\/strong> \u2013 Restaura el agua para su reutilizaci\u00f3n en riego, acuicultura y procesos industriales.<\/li>\n<\/ul>\n<\/div>\n<\/div>\n\n\n\n<div class=\"wp-block-column is-vertically-aligned-center is-layout-flow wp-container-core-column-is-layout-8a368f38 wp-block-column-is-layout-flow\" style=\"flex-basis:50%\">\n<div class=\"wp-block-group is-layout-constrained wp-block-group-is-layout-constrained\">\n<figure class=\"wp-block-image size-full has-custom-border\"><img data-recalc-dims=\"1\" loading=\"lazy\" decoding=\"async\" width=\"800\" height=\"800\" src=\"https:\/\/i0.wp.com\/bacterplus.com\/wp-content\/uploads\/2025\/02\/Wastewater-Treatment.jpg?resize=800%2C800&#038;ssl=1\" alt=\"\" class=\"wp-image-167\" style=\"border-top-left-radius:0px;border-top-right-radius:240px;border-bottom-left-radius:0px;border-bottom-right-radius:0px;aspect-ratio:1;object-fit:cover\" srcset=\"https:\/\/i0.wp.com\/bacterplus.com\/wp-content\/uploads\/2025\/02\/Wastewater-Treatment.jpg?w=800&amp;ssl=1 800w, https:\/\/i0.wp.com\/bacterplus.com\/wp-content\/uploads\/2025\/02\/Wastewater-Treatment.jpg?resize=300%2C300&amp;ssl=1 300w, https:\/\/i0.wp.com\/bacterplus.com\/wp-content\/uploads\/2025\/02\/Wastewater-Treatment.jpg?resize=150%2C150&amp;ssl=1 150w, https:\/\/i0.wp.com\/bacterplus.com\/wp-content\/uploads\/2025\/02\/Wastewater-Treatment.jpg?resize=768%2C768&amp;ssl=1 768w\" sizes=\"auto, (max-width: 800px) 100vw, 800px\" \/><\/figure>\n<\/div>\n<\/div>\n<\/div>\n\n\n\n<div class=\"wp-block-columns is-layout-flex wp-container-core-columns-is-layout-28232c24 wp-block-columns-is-layout-flex\">\n<div class=\"wp-block-column is-vertically-aligned-top is-layout-flow wp-block-column-is-layout-flow\" style=\"flex-basis:50%\">\n<div class=\"wp-block-group is-content-justification-center is-layout-constrained wp-block-group-is-layout-constrained\">\n<figure class=\"wp-block-image size-full has-custom-border\"><img data-recalc-dims=\"1\" loading=\"lazy\" decoding=\"async\" width=\"800\" height=\"800\" src=\"https:\/\/i0.wp.com\/bacterplus.com\/wp-content\/uploads\/2025\/02\/Landfill-Remediation.jpg?resize=800%2C800&#038;ssl=1\" alt=\"\" class=\"wp-image-168\" style=\"border-top-left-radius:240px;aspect-ratio:1;object-fit:cover\" srcset=\"https:\/\/i0.wp.com\/bacterplus.com\/wp-content\/uploads\/2025\/02\/Landfill-Remediation.jpg?w=800&amp;ssl=1 800w, https:\/\/i0.wp.com\/bacterplus.com\/wp-content\/uploads\/2025\/02\/Landfill-Remediation.jpg?resize=300%2C300&amp;ssl=1 300w, https:\/\/i0.wp.com\/bacterplus.com\/wp-content\/uploads\/2025\/02\/Landfill-Remediation.jpg?resize=150%2C150&amp;ssl=1 150w, https:\/\/i0.wp.com\/bacterplus.com\/wp-content\/uploads\/2025\/02\/Landfill-Remediation.jpg?resize=768%2C768&amp;ssl=1 768w\" sizes=\"auto, (max-width: 800px) 100vw, 800px\" \/><\/figure>\n<\/div>\n<\/div>\n\n\n\n<div class=\"md:nfd-order-2 nfd-p-card-square-lg wp-block-column is-vertically-aligned-center is-layout-flow wp-container-core-column-is-layout-8eebadab wp-block-column-is-layout-flow\"><h3 class=\"nfd-text-xl nfd-text-contrast nfd-text-balance wp-block-heading\" id=\"landfill-remediation\"><strong>Remediaci\u00f3n de Rellenos Sanitarios<\/strong><\/h3>\n\n\n\n<div class=\"nfd-text-faded wp-block-group is-content-justification-left is-layout-constrained wp-container-core-group-is-layout-7526a028 wp-block-group-is-layout-constrained\"><ul class=\"wp-block-list is-layout-flex wp-container-core-list-is-layout-fe9cc265 wp-block-list-is-layout-flex\" style=\"\">\n<li class=\"\">\n<strong>Acelera la Descomposici\u00f3n<\/strong> - Acelera la descomposici\u00f3n de residuos org\u00e1nicos, reduciendo las emisiones de metano y el volumen del relleno sanitario.<\/li>\n\n\n\n<li class=\"\">\n<strong>Neutraliza Gases Nocivos<\/strong> - Reduce las emisiones de amon\u00edaco y azufre, mejorando la calidad del aire.<\/li>\n\n\n\n<li class=\"\">\n<strong>Elimina Subproductos T\u00f3xicos<\/strong> - Convierte residuos peligrosos en material org\u00e1nico inofensivo.<\/li>\n<\/ul>\n<\/div>\n<\/div>\n<\/div>\n\n\n\n<div class=\"wp-block-columns is-layout-flex wp-container-core-columns-is-layout-28232c24 wp-block-columns-is-layout-flex\">\n<div class=\"md:nfd-order-2 nfd-p-card-square-lg wp-block-column is-vertically-aligned-center is-layout-flow wp-container-core-column-is-layout-8eebadab wp-block-column-is-layout-flow\"><h3 class=\"nfd-text-xl nfd-text-contrast nfd-text-balance wp-block-heading\" id=\"agriculture\"><strong><strong>Agricultura<\/strong><\/strong><\/h3>\n\n\n\n<div class=\"nfd-text-faded wp-block-group is-content-justification-left is-layout-constrained wp-container-core-group-is-layout-7526a028 wp-block-group-is-layout-constrained\"><ul class=\"wp-block-list is-layout-flex wp-container-core-list-is-layout-fe9cc265 wp-block-list-is-layout-flex\" style=\"\">\n<li class=\"\">\n<strong>Mejora la Fertilidad del Suelo<\/strong> - Reabastece los nutrientes del suelo, mejorando el crecimiento y el rendimiento de los cultivos.<\/li>\n\n\n\n<li class=\"\">\n<strong>Reduce el Uso de Pesticidas<\/strong> - Fortalece la inmunidad de las plantas, reduciendo la necesidad de pesticidas qu\u00edmicos.<\/li>\n\n\n\n<li class=\"\">\n<strong>Apoya la Agricultura Sostenible<\/strong> - Beneficioso para cultivos como arroz, caf\u00e9, cacao, pl\u00e1tanos, ca\u00f1a de az\u00facar, hortalizas, flores, entre otros.<\/li>\n<\/ul>\n<\/div>\n<\/div>\n\n\n\n<div class=\"wp-block-column is-vertically-aligned-top is-layout-flow wp-container-core-column-is-layout-8a368f38 wp-block-column-is-layout-flow\" style=\"flex-basis:50%\">\n<div class=\"wp-block-group is-layout-constrained wp-block-group-is-layout-constrained\">\n<figure class=\"wp-block-image size-full has-custom-border\"><img data-recalc-dims=\"1\" loading=\"lazy\" decoding=\"async\" width=\"800\" height=\"800\" src=\"https:\/\/i0.wp.com\/bacterplus.com\/wp-content\/uploads\/2025\/02\/Agriculture.jpg?resize=800%2C800&#038;ssl=1\" alt=\"\" class=\"wp-image-169\" style=\"border-top-left-radius:0px;border-top-right-radius:0px;border-bottom-left-radius:0px;border-bottom-right-radius:240px;aspect-ratio:1;object-fit:cover\" srcset=\"https:\/\/i0.wp.com\/bacterplus.com\/wp-content\/uploads\/2025\/02\/Agriculture.jpg?w=800&amp;ssl=1 800w, https:\/\/i0.wp.com\/bacterplus.com\/wp-content\/uploads\/2025\/02\/Agriculture.jpg?resize=300%2C300&amp;ssl=1 300w, https:\/\/i0.wp.com\/bacterplus.com\/wp-content\/uploads\/2025\/02\/Agriculture.jpg?resize=150%2C150&amp;ssl=1 150w, https:\/\/i0.wp.com\/bacterplus.com\/wp-content\/uploads\/2025\/02\/Agriculture.jpg?resize=768%2C768&amp;ssl=1 768w\" sizes=\"auto, (max-width: 800px) 100vw, 800px\" \/><\/figure>\n<\/div>\n<\/div>\n<\/div>\n<\/div>\n\n\n\n<div class=\"nfd-container nfd-theme-white nfd-bg-surface nfd-wb-features__features-29 is-style-nfd-theme-white wp-block-group is-layout-constrained wp-container-core-group-is-layout-19e250f3 wp-block-group-is-layout-constrained\">\n<div class=\"wp-block-columns is-layout-flex wp-container-core-columns-is-layout-28232c24 wp-block-columns-is-layout-flex\">\n<div class=\"wp-block-column is-vertically-aligned-top is-layout-flow wp-block-column-is-layout-flow\" style=\"flex-basis:50%\">\n<div class=\"wp-block-group is-content-justification-center is-layout-constrained wp-block-group-is-layout-constrained\">\n<figure class=\"wp-block-image size-full has-custom-border\"><img data-recalc-dims=\"1\" loading=\"lazy\" decoding=\"async\" width=\"800\" height=\"800\" src=\"https:\/\/i0.wp.com\/bacterplus.com\/wp-content\/uploads\/2025\/02\/Composting.jpg?resize=800%2C800&#038;ssl=1\" alt=\"\" class=\"wp-image-171\" style=\"border-top-left-radius:240px;aspect-ratio:1;object-fit:cover\" srcset=\"https:\/\/i0.wp.com\/bacterplus.com\/wp-content\/uploads\/2025\/02\/Composting.jpg?w=800&amp;ssl=1 800w, https:\/\/i0.wp.com\/bacterplus.com\/wp-content\/uploads\/2025\/02\/Composting.jpg?resize=300%2C300&amp;ssl=1 300w, https:\/\/i0.wp.com\/bacterplus.com\/wp-content\/uploads\/2025\/02\/Composting.jpg?resize=150%2C150&amp;ssl=1 150w, https:\/\/i0.wp.com\/bacterplus.com\/wp-content\/uploads\/2025\/02\/Composting.jpg?resize=768%2C768&amp;ssl=1 768w\" sizes=\"auto, (max-width: 800px) 100vw, 800px\" \/><\/figure>\n<\/div>\n<\/div>\n\n\n\n<div class=\"md:nfd-order-2 nfd-p-card-square-lg wp-block-column is-vertically-aligned-center is-layout-flow wp-container-core-column-is-layout-8eebadab wp-block-column-is-layout-flow\"><h3 class=\"nfd-text-xl nfd-text-contrast nfd-text-balance wp-block-heading\" id=\"composting\">Compostaje<\/h3>\n\n\n\n<div class=\"nfd-text-faded wp-block-group is-content-justification-left is-layout-constrained wp-container-core-group-is-layout-7526a028 wp-block-group-is-layout-constrained\"><ul class=\"wp-block-list is-layout-flex wp-container-core-list-is-layout-fe9cc265 wp-block-list-is-layout-flex\" style=\"\">\n<li class=\"\">\n<strong>Acelera la Descomposici\u00f3n de Residuos Org\u00e1nicos<\/strong> - Convierte restos de comida, esti\u00e9rcol y materiales org\u00e1nicos en compost rico en un menor tiempo.<\/li>\n\n\n\n<li class=\"\">\n<strong>Mejora la Calidad del Compost<\/strong> - Aumenta el contenido nutricional, produciendo fertilizante org\u00e1nico de alta calidad.<\/li>\n\n\n\n<li class=\"\">\n<strong>Elimina Malos Olores<\/strong> - Reduce la emisi\u00f3n de olores desagradables, haciendo el compostaje m\u00e1s eficiente y ecol\u00f3gico.<\/li>\n<\/ul>\n<\/div>\n<\/div>\n<\/div>\n\n\n\n<div class=\"wp-block-columns is-layout-flex wp-container-core-columns-is-layout-28232c24 wp-block-columns-is-layout-flex\">\n<div class=\"md:nfd-order-2 nfd-p-card-square-lg wp-block-column is-vertically-aligned-center is-layout-flow wp-container-core-column-is-layout-8eebadab wp-block-column-is-layout-flow\"><h3 class=\"nfd-text-xl nfd-text-contrast nfd-text-balance wp-block-heading\" id=\"aquaculture\">Acuicultura<\/h3>\n\n\n\n<div class=\"nfd-text-faded wp-block-group is-content-justification-left is-layout-constrained wp-container-core-group-is-layout-7526a028 wp-block-group-is-layout-constrained\"><ul class=\"wp-block-list is-layout-flex wp-container-core-list-is-layout-fe9cc265 wp-block-list-is-layout-flex\" style=\"\">\n<li class=\"\">\n<strong>Probi\u00f3tico para Peces y Camarones<\/strong> - Mejora la digesti\u00f3n y la absorci\u00f3n de nutrientes, incrementando el crecimiento y la tasa de supervivencia.<\/li>\n\n\n\n<li class=\"\">\n<strong>Control de Pat\u00f3genos<\/strong> - Reduce bacterias y par\u00e1sitos nocivos, minimizando los brotes de enfermedades.<\/li>\n\n\n\n<li class=\"\">\n<strong>Optimiza la Calidad del Agua<\/strong> - Previene la acumulaci\u00f3n de toxinas y garantiza un entorno acu\u00e1tico m\u00e1s limpio y saludable.<\/li>\n<\/ul>\n<\/div>\n<\/div>\n\n\n\n<div class=\"wp-block-column is-vertically-aligned-top is-layout-flow wp-container-core-column-is-layout-8a368f38 wp-block-column-is-layout-flow\" style=\"flex-basis:50%\">\n<div class=\"wp-block-group is-layout-constrained wp-block-group-is-layout-constrained\">\n<figure class=\"wp-block-image size-full has-custom-border\"><img data-recalc-dims=\"1\" loading=\"lazy\" decoding=\"async\" width=\"800\" height=\"800\" src=\"https:\/\/i0.wp.com\/bacterplus.com\/wp-content\/uploads\/2025\/02\/Aquaculture.jpg?resize=800%2C800&#038;ssl=1\" alt=\"\" class=\"wp-image-170\" style=\"border-top-left-radius:0px;border-top-right-radius:0px;border-bottom-left-radius:0px;border-bottom-right-radius:240px;aspect-ratio:1;object-fit:cover\" srcset=\"https:\/\/i0.wp.com\/bacterplus.com\/wp-content\/uploads\/2025\/02\/Aquaculture.jpg?w=800&amp;ssl=1 800w, https:\/\/i0.wp.com\/bacterplus.com\/wp-content\/uploads\/2025\/02\/Aquaculture.jpg?resize=300%2C300&amp;ssl=1 300w, https:\/\/i0.wp.com\/bacterplus.com\/wp-content\/uploads\/2025\/02\/Aquaculture.jpg?resize=150%2C150&amp;ssl=1 150w, https:\/\/i0.wp.com\/bacterplus.com\/wp-content\/uploads\/2025\/02\/Aquaculture.jpg?resize=768%2C768&amp;ssl=1 768w\" sizes=\"auto, (max-width: 800px) 100vw, 800px\" \/><\/figure>\n<\/div>\n<\/div>\n<\/div>\n<\/div>\n\n\n\n<div class=\"nfd-container nfd-theme-white nfd-bg-surface nfd-wb-features__features-29 is-style-nfd-theme-white wp-block-group is-layout-constrained wp-container-core-group-is-layout-19e250f3 wp-block-group-is-layout-constrained\">\n<div class=\"wp-block-columns is-layout-flex wp-container-core-columns-is-layout-28232c24 wp-block-columns-is-layout-flex\">\n<div class=\"wp-block-column is-vertically-aligned-top is-layout-flow wp-block-column-is-layout-flow\" style=\"flex-basis:50%\">\n<div class=\"wp-block-group is-content-justification-center is-layout-constrained wp-block-group-is-layout-constrained\">\n<figure class=\"wp-block-image size-full has-custom-border\"><img data-recalc-dims=\"1\" loading=\"lazy\" decoding=\"async\" width=\"800\" height=\"800\" src=\"https:\/\/i0.wp.com\/bacterplus.com\/wp-content\/uploads\/2025\/02\/Environmental-Remediation.jpg?resize=800%2C800&#038;ssl=1\" alt=\"\" class=\"wp-image-172\" style=\"border-top-left-radius:240px;aspect-ratio:1;object-fit:cover\" srcset=\"https:\/\/i0.wp.com\/bacterplus.com\/wp-content\/uploads\/2025\/02\/Environmental-Remediation.jpg?w=800&amp;ssl=1 800w, https:\/\/i0.wp.com\/bacterplus.com\/wp-content\/uploads\/2025\/02\/Environmental-Remediation.jpg?resize=300%2C300&amp;ssl=1 300w, https:\/\/i0.wp.com\/bacterplus.com\/wp-content\/uploads\/2025\/02\/Environmental-Remediation.jpg?resize=150%2C150&amp;ssl=1 150w, https:\/\/i0.wp.com\/bacterplus.com\/wp-content\/uploads\/2025\/02\/Environmental-Remediation.jpg?resize=768%2C768&amp;ssl=1 768w\" sizes=\"auto, (max-width: 800px) 100vw, 800px\" \/><\/figure>\n<\/div>\n<\/div>\n\n\n\n<div class=\"md:nfd-order-2 nfd-p-card-square-lg wp-block-column is-vertically-aligned-center is-layout-flow wp-container-core-column-is-layout-8eebadab wp-block-column-is-layout-flow\"><h3 class=\"nfd-text-xl nfd-text-contrast nfd-text-balance wp-block-heading\" id=\"environmental-remediation\">Remediaci\u00f3n Ambiental<\/h3>\n\n\n\n<div class=\"nfd-text-faded wp-block-group is-content-justification-left is-layout-constrained wp-container-core-group-is-layout-7526a028 wp-block-group-is-layout-constrained\"><ul class=\"wp-block-list is-layout-flex wp-container-core-list-is-layout-fe9cc265 wp-block-list-is-layout-flex\" style=\"\">\n<li class=\"\">\n<strong>Descompone Hidrocarburos<\/strong> - Limpia eficazmente derrames de petr\u00f3leo, hidrocarburos totales del petr\u00f3leo (TPH) y contaminantes industriales.<\/li>\n\n\n\n<li class=\"\">\n<strong>Restaura Ecosistemas Contaminados<\/strong> - Contribuye a la rehabilitaci\u00f3n de tierras y cuerpos de agua degradados.<\/li>\n\n\n\n<li class=\"\">\n<strong>Econ\u00f3mico y de Aplicaci\u00f3n In Situ<\/strong> - No requiere excavaci\u00f3n ni tratamientos qu\u00edmicos, siendo una soluci\u00f3n accesible y sostenible.<\/li>\n<\/ul>\n<\/div>\n<\/div>\n<\/div>\n\n\n\n<div class=\"wp-block-columns is-layout-flex wp-container-core-columns-is-layout-28232c24 wp-block-columns-is-layout-flex\">\n<div class=\"wp-block-column is-vertically-aligned-top is-layout-flow wp-container-core-column-is-layout-8a368f38 wp-block-column-is-layout-flow\" style=\"flex-basis:50%\"><\/div>\n<\/div>\n<\/div>\n\n\n\n<p class=\"\"><\/p>\n\n\n\n<p class=\"has-text-align-center\">PLUS 1 est\u00e1 revolucionando el tratamiento de residuos, la agricultura y la restauraci\u00f3n ambiental mediante una biotecnolog\u00eda natural e innovadora.<\/p>","protected":false},"excerpt":{"rendered":"<p>PLUS 1 is a multi-functional, bio-based product designed to address environmental challenges through bioremediation, waste treatment, and agricultural enhancement. Its unique microbial technology enables the breakdown of pollutants, restoration of ecosystems, and improvement of soil and water quality. Wastewater Treatment Landfill Remediation Agriculture Composting Aquaculture Environmental Remediation PLUS 1 is revolutionizing waste treatment, agriculture, and [&hellip;]<\/p>\n","protected":false},"author":1,"featured_media":0,"parent":0,"menu_order":0,"comment_status":"closed","ping_status":"closed","template":"","meta":{"nf_dc_page":"","om_disable_all_campaigns":false,"_monsterinsights_skip_tracking":false,"_monsterinsights_sitenote_active":false,"_monsterinsights_sitenote_note":"","_monsterinsights_sitenote_category":0,"footnotes":""},"class_list":["post-160","page","type-page","status-publish","hentry"],"yoast_head":"<!-- This site is optimized with the Yoast SEO plugin v27.5 - https:\/\/yoast.com\/product\/yoast-seo-wordpress\/ -->\n<title>Applications -<\/title>\n<meta name=\"robots\" content=\"index, follow, max-snippet:-1, max-image-preview:large, max-video-preview:-1\" \/>\n<link rel=\"canonical\" href=\"https:\/\/bacterplus.com\/es\/applications\/\" \/>\n<meta property=\"og:locale\" content=\"es_ES\" \/>\n<meta property=\"og:type\" content=\"article\" \/>\n<meta property=\"og:title\" content=\"Applications -\" \/>\n<meta property=\"og:description\" content=\"PLUS 1 is a multi-functional, bio-based product designed to address environmental challenges through bioremediation, waste treatment, and agricultural enhancement. Its unique microbial technology enables the breakdown of pollutants, restoration of ecosystems, and improvement of soil and water quality. Wastewater Treatment Landfill Remediation Agriculture Composting Aquaculture Environmental Remediation PLUS 1 is revolutionizing waste treatment, agriculture, and [&hellip;]\" \/>\n<meta property=\"og:url\" content=\"https:\/\/bacterplus.com\/es\/applications\/\" \/>\n<meta property=\"article:modified_time\" content=\"2025-03-10T18:15:49+00:00\" \/>\n<meta property=\"og:image\" content=\"https:\/\/bacterplus.com\/wp-content\/uploads\/2025\/02\/Wastewater-Treatment.jpg\" \/>\n<meta name=\"twitter:card\" content=\"summary_large_image\" \/>\n<meta name=\"twitter:label1\" content=\"Tiempo de lectura\" \/>\n\t<meta name=\"twitter:data1\" content=\"3 minutos\" \/>\n<script type=\"application\/ld+json\" class=\"yoast-schema-graph\">{\"@context\":\"https:\\\/\\\/schema.org\",\"@graph\":[{\"@type\":\"WebPage\",\"@id\":\"https:\\\/\\\/bacterplus.com\\\/applications\\\/\",\"url\":\"https:\\\/\\\/bacterplus.com\\\/applications\\\/\",\"name\":\"Applications -\",\"isPartOf\":{\"@id\":\"https:\\\/\\\/llm.jzu.mybluehost.me\\\/#website\"},\"primaryImageOfPage\":{\"@id\":\"https:\\\/\\\/bacterplus.com\\\/applications\\\/#primaryimage\"},\"image\":{\"@id\":\"https:\\\/\\\/bacterplus.com\\\/applications\\\/#primaryimage\"},\"thumbnailUrl\":\"https:\\\/\\\/bacterplus.com\\\/wp-content\\\/uploads\\\/2025\\\/02\\\/Wastewater-Treatment.jpg\",\"datePublished\":\"2025-02-28T23:22:30+00:00\",\"dateModified\":\"2025-03-10T18:15:49+00:00\",\"breadcrumb\":{\"@id\":\"https:\\\/\\\/bacterplus.com\\\/applications\\\/#breadcrumb\"},\"inLanguage\":\"es\",\"potentialAction\":[{\"@type\":\"ReadAction\",\"target\":[\"https:\\\/\\\/bacterplus.com\\\/applications\\\/\"]}]},{\"@type\":\"ImageObject\",\"inLanguage\":\"es\",\"@id\":\"https:\\\/\\\/bacterplus.com\\\/applications\\\/#primaryimage\",\"url\":\"https:\\\/\\\/bacterplus.com\\\/wp-content\\\/uploads\\\/2025\\\/02\\\/Wastewater-Treatment.jpg\",\"contentUrl\":\"https:\\\/\\\/bacterplus.com\\\/wp-content\\\/uploads\\\/2025\\\/02\\\/Wastewater-Treatment.jpg\"},{\"@type\":\"BreadcrumbList\",\"@id\":\"https:\\\/\\\/bacterplus.com\\\/applications\\\/#breadcrumb\",\"itemListElement\":[{\"@type\":\"ListItem\",\"position\":1,\"name\":\"Home\",\"item\":\"https:\\\/\\\/llm.jzu.mybluehost.me\\\/\"},{\"@type\":\"ListItem\",\"position\":2,\"name\":\"Applications\"}]},{\"@type\":\"WebSite\",\"@id\":\"https:\\\/\\\/llm.jzu.mybluehost.me\\\/#website\",\"url\":\"https:\\\/\\\/llm.jzu.mybluehost.me\\\/\",\"name\":\"\",\"description\":\"Let\u2019s Give Life Back to Our Earth\",\"potentialAction\":[{\"@type\":\"SearchAction\",\"target\":{\"@type\":\"EntryPoint\",\"urlTemplate\":\"https:\\\/\\\/llm.jzu.mybluehost.me\\\/?s={search_term_string}\"},\"query-input\":{\"@type\":\"PropertyValueSpecification\",\"valueRequired\":true,\"valueName\":\"search_term_string\"}}],\"inLanguage\":\"es\"}]}<\/script>\n<!-- \/ Yoast SEO plugin. -->","yoast_head_json":{"title":"Applications -","robots":{"index":"index","follow":"follow","max-snippet":"max-snippet:-1","max-image-preview":"max-image-preview:large","max-video-preview":"max-video-preview:-1"},"canonical":"https:\/\/bacterplus.com\/es\/applications\/","og_locale":"es_ES","og_type":"article","og_title":"Applications -","og_description":"PLUS 1 is a multi-functional, bio-based product designed to address environmental challenges through bioremediation, waste treatment, and agricultural enhancement. Its unique microbial technology enables the breakdown of pollutants, restoration of ecosystems, and improvement of soil and water quality. Wastewater Treatment Landfill Remediation Agriculture Composting Aquaculture Environmental Remediation PLUS 1 is revolutionizing waste treatment, agriculture, and [&hellip;]","og_url":"https:\/\/bacterplus.com\/es\/applications\/","article_modified_time":"2025-03-10T18:15:49+00:00","og_image":[{"url":"https:\/\/bacterplus.com\/wp-content\/uploads\/2025\/02\/Wastewater-Treatment.jpg","type":"","width":"","height":""}],"twitter_card":"summary_large_image","twitter_misc":{"Tiempo de lectura":"3 minutos"},"schema":{"@context":"https:\/\/schema.org","@graph":[{"@type":"WebPage","@id":"https:\/\/bacterplus.com\/applications\/","url":"https:\/\/bacterplus.com\/applications\/","name":"Applications -","isPartOf":{"@id":"https:\/\/llm.jzu.mybluehost.me\/#website"},"primaryImageOfPage":{"@id":"https:\/\/bacterplus.com\/applications\/#primaryimage"},"image":{"@id":"https:\/\/bacterplus.com\/applications\/#primaryimage"},"thumbnailUrl":"https:\/\/bacterplus.com\/wp-content\/uploads\/2025\/02\/Wastewater-Treatment.jpg","datePublished":"2025-02-28T23:22:30+00:00","dateModified":"2025-03-10T18:15:49+00:00","breadcrumb":{"@id":"https:\/\/bacterplus.com\/applications\/#breadcrumb"},"inLanguage":"es","potentialAction":[{"@type":"ReadAction","target":["https:\/\/bacterplus.com\/applications\/"]}]},{"@type":"ImageObject","inLanguage":"es","@id":"https:\/\/bacterplus.com\/applications\/#primaryimage","url":"https:\/\/bacterplus.com\/wp-content\/uploads\/2025\/02\/Wastewater-Treatment.jpg","contentUrl":"https:\/\/bacterplus.com\/wp-content\/uploads\/2025\/02\/Wastewater-Treatment.jpg"},{"@type":"BreadcrumbList","@id":"https:\/\/bacterplus.com\/applications\/#breadcrumb","itemListElement":[{"@type":"ListItem","position":1,"name":"Home","item":"https:\/\/llm.jzu.mybluehost.me\/"},{"@type":"ListItem","position":2,"name":"Applications"}]},{"@type":"WebSite","@id":"https:\/\/llm.jzu.mybluehost.me\/#website","url":"https:\/\/llm.jzu.mybluehost.me\/","name":"","description":"Let\u2019s Give Life Back to Our Earth","potentialAction":[{"@type":"SearchAction","target":{"@type":"EntryPoint","urlTemplate":"https:\/\/llm.jzu.mybluehost.me\/?s={search_term_string}"},"query-input":{"@type":"PropertyValueSpecification","valueRequired":true,"valueName":"search_term_string"}}],"inLanguage":"es"}]}},"jetpack_sharing_enabled":true,"_links":{"self":[{"href":"https:\/\/bacterplus.com\/es\/wp-json\/wp\/v2\/pages\/160","targetHints":{"allow":["GET"]}}],"collection":[{"href":"https:\/\/bacterplus.com\/es\/wp-json\/wp\/v2\/pages"}],"about":[{"href":"https:\/\/bacterplus.com\/es\/wp-json\/wp\/v2\/types\/page"}],"author":[{"embeddable":true,"href":"https:\/\/bacterplus.com\/es\/wp-json\/wp\/v2\/users\/1"}],"replies":[{"embeddable":true,"href":"https:\/\/bacterplus.com\/es\/wp-json\/wp\/v2\/comments?post=160"}],"version-history":[{"count":4,"href":"https:\/\/bacterplus.com\/es\/wp-json\/wp\/v2\/pages\/160\/revisions"}],"predecessor-version":[{"id":352,"href":"https:\/\/bacterplus.com\/es\/wp-json\/wp\/v2\/pages\/160\/revisions\/352"}],"wp:attachment":[{"href":"https:\/\/bacterplus.com\/es\/wp-json\/wp\/v2\/media?parent=160"}],"curies":[{"name":"wp","href":"https:\/\/api.w.org\/{rel}","templated":true}]}}