{"id":148,"date":"2025-02-28T20:41:53","date_gmt":"2025-02-28T20:41:53","guid":{"rendered":"https:\/\/bacterplus.com\/?page_id=148"},"modified":"2025-03-03T19:32:35","modified_gmt":"2025-03-03T19:32:35","slug":"certifications-approvals","status":"publish","type":"page","link":"https:\/\/bacterplus.com\/es\/certifications-approvals\/","title":{"rendered":"Certificaciones y Aprobaciones"},"content":{"rendered":"<div class=\"nfd-container nfd-text-md nfd-wb-text__text-7 wp-block-group is-layout-constrained wp-container-core-group-is-layout-346627ba wp-block-group-is-layout-constrained\">\n<div class=\"nfd-text-md wp-block-group is-layout-constrained wp-block-group-is-layout-constrained\">\n<div class=\"nfd-max-w-prose wp-block-group is-vertical is-content-justification-left is-layout-flex wp-container-core-group-is-layout-dd225191 wp-block-group-is-layout-flex\">\n<p class=\"\"><\/p>\n\n\n\n<p class=\"has-text-align-center\">PLUS 1 ha sido rigurosamente probado y aprobado por agencias gubernamentales, organizaciones ambientales y reguladores de la industria, garantizando su seguridad, efectividad y cumplimiento con los est\u00e1ndares internacionales. Estas certificaciones confirman su integridad biol\u00f3gica, no toxicidad y beneficios ambientales, convirti\u00e9ndolo en una soluci\u00f3n confiable en diversas industrias.<\/p>\n<\/div>\n<\/div>\n<\/div>\n\n\n\n<div class=\"nfd-container nfd-p-lg nfd-theme-light nfd-bg-surface nfd-wb-team__team-4 is-style-nfd-theme-light wp-block-group is-layout-constrained wp-block-group-is-layout-constrained\">\n<div class=\"nfd-gap-y-2xl wp-block-columns are-vertically-aligned-top is-layout-flex wp-container-core-columns-is-layout-730ec5d8 wp-block-columns-is-layout-flex\" style=\"padding-top:0;padding-right:0;padding-bottom:0;padding-left:0\">\n<div class=\"wp-block-column is-vertically-aligned-top is-layout-flow wp-container-core-column-is-layout-8a368f38 wp-block-column-is-layout-flow\">\n<div class=\"nfd-theme-white nfd-bg-surface nfd-gap-0 nfd-shadow-xs nfd-rounded wp-block-group is-vertical is-content-justification-center is-layout-flex wp-container-core-group-is-layout-4f05d86a wp-block-group-is-layout-flex\" style=\"padding-top:4px;padding-right:4px;padding-bottom:4px;padding-left:4px\">\n<figure class=\"nfd-rounded-sm wp-block-image size-full\"><img data-recalc-dims=\"1\" loading=\"lazy\" decoding=\"async\" width=\"451\" height=\"450\" src=\"https:\/\/i0.wp.com\/bacterplus.com\/wp-content\/uploads\/2025\/02\/Ministry-of-Agriculture-Ecuador-1.jpg?resize=451%2C450&#038;ssl=1\" alt=\"\" class=\"wp-image-151\" style=\"aspect-ratio:1;object-fit:cover\" srcset=\"https:\/\/i0.wp.com\/bacterplus.com\/wp-content\/uploads\/2025\/02\/Ministry-of-Agriculture-Ecuador-1.jpg?w=451&amp;ssl=1 451w, https:\/\/i0.wp.com\/bacterplus.com\/wp-content\/uploads\/2025\/02\/Ministry-of-Agriculture-Ecuador-1.jpg?resize=300%2C300&amp;ssl=1 300w, https:\/\/i0.wp.com\/bacterplus.com\/wp-content\/uploads\/2025\/02\/Ministry-of-Agriculture-Ecuador-1.jpg?resize=150%2C150&amp;ssl=1 150w\" sizes=\"auto, (max-width: 451px) 100vw, 451px\" \/><\/figure>\n\n\n\n<div class=\"nfd-gap-md nfd-p-card-sm wp-block-group is-vertical is-content-justification-stretch is-layout-flex wp-container-core-group-is-layout-353c4f5a wp-block-group-is-layout-flex\">\n<div class=\"nfd-gap-0 wp-block-group is-vertical is-content-justification-stretch is-layout-flex wp-container-core-group-is-layout-353c4f5a wp-block-group-is-layout-flex\">\n<p class=\"nfd-text-md has-text-align-center\"><strong><strong>Ministerio de Agricultura, Ecuador<\/strong><\/strong><\/p>\n\n\n\n<p class=\"nfd-text-sm nfd-text-faded has-text-align-center\">Aprobado para su uso en agricultura, acuicultura y agricultura org\u00e1nica, reforzando su papel en las pr\u00e1cticas agr\u00edcolas sostenibles.<\/p>\n<\/div>\n<\/div>\n<\/div>\n<\/div>\n\n\n\n<div class=\"wp-block-column is-vertically-aligned-top is-layout-flow wp-container-core-column-is-layout-8a368f38 wp-block-column-is-layout-flow\">\n<div class=\"nfd-theme-white nfd-bg-surface nfd-gap-0 nfd-shadow-xs nfd-rounded wp-block-group is-vertical is-content-justification-center is-layout-flex wp-container-core-group-is-layout-4f05d86a wp-block-group-is-layout-flex\" style=\"padding-top:4px;padding-right:4px;padding-bottom:4px;padding-left:4px\">\n<figure class=\"nfd-rounded-sm wp-block-image size-full\"><img data-recalc-dims=\"1\" loading=\"lazy\" decoding=\"async\" width=\"450\" height=\"450\" src=\"https:\/\/i0.wp.com\/bacterplus.com\/wp-content\/uploads\/2025\/02\/Ministry-of-Public-Health-Ecuador.jpg?resize=450%2C450&#038;ssl=1\" alt=\"\" class=\"wp-image-156\" style=\"aspect-ratio:1;object-fit:cover\" srcset=\"https:\/\/i0.wp.com\/bacterplus.com\/wp-content\/uploads\/2025\/02\/Ministry-of-Public-Health-Ecuador.jpg?w=450&amp;ssl=1 450w, https:\/\/i0.wp.com\/bacterplus.com\/wp-content\/uploads\/2025\/02\/Ministry-of-Public-Health-Ecuador.jpg?resize=300%2C300&amp;ssl=1 300w, https:\/\/i0.wp.com\/bacterplus.com\/wp-content\/uploads\/2025\/02\/Ministry-of-Public-Health-Ecuador.jpg?resize=150%2C150&amp;ssl=1 150w\" sizes=\"auto, (max-width: 450px) 100vw, 450px\" \/><\/figure>\n\n\n\n<div class=\"nfd-gap-md nfd-p-card-sm wp-block-group is-vertical is-content-justification-stretch is-layout-flex wp-container-core-group-is-layout-353c4f5a wp-block-group-is-layout-flex\">\n<div class=\"nfd-gap-0 wp-block-group is-vertical is-content-justification-stretch is-layout-flex wp-container-core-group-is-layout-353c4f5a wp-block-group-is-layout-flex\">\n<p class=\"nfd-text-md has-text-align-center\"><strong><strong>Ministerio de Salud P\u00fablica,<\/strong><\/strong> <strong>Ecuador<\/strong><\/p>\n\n\n\n<p class=\"nfd-text-sm nfd-text-faded has-text-align-center\">Certificado como inofensivo para los seres humanos y los animales, confirmando sus propiedades no t\u00f3xicas y su uso seguro en la producci\u00f3n de alimentos y la restauraci\u00f3n ambiental.<\/p>\n<\/div>\n<\/div>\n<\/div>\n<\/div>\n\n\n\n<div class=\"wp-block-column is-vertically-aligned-top is-layout-flow wp-container-core-column-is-layout-8a368f38 wp-block-column-is-layout-flow\">\n<div class=\"nfd-theme-white nfd-bg-surface nfd-gap-0 nfd-shadow-xs nfd-rounded wp-block-group is-vertical is-content-justification-center is-layout-flex wp-container-core-group-is-layout-4f05d86a wp-block-group-is-layout-flex\" style=\"padding-top:4px;padding-right:4px;padding-bottom:4px;padding-left:4px\">\n<figure class=\"nfd-rounded-sm wp-block-image size-full\"><img data-recalc-dims=\"1\" loading=\"lazy\" decoding=\"async\" width=\"450\" height=\"450\" src=\"https:\/\/i0.wp.com\/bacterplus.com\/wp-content\/uploads\/2025\/02\/National-Fisheries-Institute-Ecuador-1.jpg?resize=450%2C450&#038;ssl=1\" alt=\"\" class=\"wp-image-154\" style=\"aspect-ratio:1;object-fit:cover\" srcset=\"https:\/\/i0.wp.com\/bacterplus.com\/wp-content\/uploads\/2025\/02\/National-Fisheries-Institute-Ecuador-1.jpg?w=450&amp;ssl=1 450w, https:\/\/i0.wp.com\/bacterplus.com\/wp-content\/uploads\/2025\/02\/National-Fisheries-Institute-Ecuador-1.jpg?resize=300%2C300&amp;ssl=1 300w, https:\/\/i0.wp.com\/bacterplus.com\/wp-content\/uploads\/2025\/02\/National-Fisheries-Institute-Ecuador-1.jpg?resize=150%2C150&amp;ssl=1 150w\" sizes=\"auto, (max-width: 450px) 100vw, 450px\" \/><\/figure>\n\n\n\n<div class=\"nfd-gap-md nfd-p-card-sm wp-block-group is-vertical is-content-justification-stretch is-layout-flex wp-container-core-group-is-layout-353c4f5a wp-block-group-is-layout-flex\">\n<div class=\"nfd-gap-0 wp-block-group is-vertical is-content-justification-stretch is-layout-flex wp-container-core-group-is-layout-353c4f5a wp-block-group-is-layout-flex\">\n<p class=\"nfd-text-md has-text-align-center\"><strong><strong>Instituto Nacional de Pesca, Ecuador<\/strong><\/strong><\/p>\n\n\n\n<p class=\"nfd-text-sm nfd-text-faded has-text-align-center\">Respaldado para su uso en acuicultura y gesti\u00f3n pesquera, garantizando una aplicaci\u00f3n segura y efectiva en la cr\u00eda de camarones y peces.<\/p>\n<\/div>\n<\/div>\n<\/div>\n<\/div>\n<\/div>\n\n\n\n<div class=\"nfd-container nfd-p-lg nfd-theme-light nfd-bg-surface nfd-wb-team__team-4 is-style-nfd-theme-light wp-block-group is-layout-constrained wp-block-group-is-layout-constrained\">\n<div class=\"nfd-gap-y-2xl wp-block-columns are-vertically-aligned-top is-layout-flex wp-container-core-columns-is-layout-730ec5d8 wp-block-columns-is-layout-flex\" style=\"padding-top:0;padding-right:0;padding-bottom:0;padding-left:0\">\n<div class=\"wp-block-column is-vertically-aligned-top is-layout-flow wp-container-core-column-is-layout-8a368f38 wp-block-column-is-layout-flow\">\n<div class=\"nfd-theme-white nfd-bg-surface nfd-gap-0 nfd-shadow-xs nfd-rounded wp-block-group is-vertical is-content-justification-center is-layout-flex wp-container-core-group-is-layout-4f05d86a wp-block-group-is-layout-flex\" style=\"padding-top:4px;padding-right:4px;padding-bottom:4px;padding-left:4px\">\n<figure class=\"nfd-rounded-sm wp-block-image size-full\"><img data-recalc-dims=\"1\" loading=\"lazy\" decoding=\"async\" width=\"450\" height=\"450\" src=\"https:\/\/i0.wp.com\/bacterplus.com\/wp-content\/uploads\/2025\/02\/Oceanographic-Institute-of-the-Ecuadorian-Navy-INOCAR.jpg?resize=450%2C450&#038;ssl=1\" alt=\"\" class=\"wp-image-155\" style=\"aspect-ratio:1;object-fit:cover\" srcset=\"https:\/\/i0.wp.com\/bacterplus.com\/wp-content\/uploads\/2025\/02\/Oceanographic-Institute-of-the-Ecuadorian-Navy-INOCAR.jpg?w=450&amp;ssl=1 450w, https:\/\/i0.wp.com\/bacterplus.com\/wp-content\/uploads\/2025\/02\/Oceanographic-Institute-of-the-Ecuadorian-Navy-INOCAR.jpg?resize=300%2C300&amp;ssl=1 300w, https:\/\/i0.wp.com\/bacterplus.com\/wp-content\/uploads\/2025\/02\/Oceanographic-Institute-of-the-Ecuadorian-Navy-INOCAR.jpg?resize=150%2C150&amp;ssl=1 150w\" sizes=\"auto, (max-width: 450px) 100vw, 450px\" \/><\/figure>\n\n\n\n<div class=\"nfd-gap-md nfd-p-card-sm wp-block-group is-vertical is-content-justification-stretch is-layout-flex wp-container-core-group-is-layout-353c4f5a wp-block-group-is-layout-flex\">\n<div class=\"nfd-gap-0 wp-block-group is-vertical is-content-justification-stretch is-layout-flex wp-container-core-group-is-layout-353c4f5a wp-block-group-is-layout-flex\">\n<p class=\"nfd-text-md has-text-align-center\"><strong><strong>Instituto Oceanogr\u00e1fico de la Armada del Ecuador (INOCAR)<\/strong><\/strong><\/p>\n\n\n\n<p class=\"nfd-text-sm nfd-text-faded has-text-align-center\"> Aprobado para uso marino y costero, cumpliendo con los est\u00e1ndares de la Agencia de Protecci\u00f3n Ambiental de los EE. UU. (EPA) para la calidad del agua y el control de la contaminaci\u00f3n.<\/p>\n<\/div>\n<\/div>\n<\/div>\n<\/div>\n\n\n\n<div class=\"wp-block-column is-vertically-aligned-top is-layout-flow wp-container-core-column-is-layout-8a368f38 wp-block-column-is-layout-flow\">\n<div class=\"nfd-theme-white nfd-bg-surface nfd-gap-0 nfd-shadow-xs nfd-rounded wp-block-group is-vertical is-content-justification-center is-layout-flex wp-container-core-group-is-layout-4f05d86a wp-block-group-is-layout-flex\" style=\"padding-top:4px;padding-right:4px;padding-bottom:4px;padding-left:4px\">\n<figure class=\"nfd-rounded-sm wp-block-image size-full\"><img data-recalc-dims=\"1\" loading=\"lazy\" decoding=\"async\" width=\"450\" height=\"450\" src=\"https:\/\/i0.wp.com\/bacterplus.com\/wp-content\/uploads\/2025\/02\/Ministry-of-Environment-Ecuador.jpg?resize=450%2C450&#038;ssl=1\" alt=\"\" class=\"wp-image-152\" style=\"aspect-ratio:1;object-fit:cover\" srcset=\"https:\/\/i0.wp.com\/bacterplus.com\/wp-content\/uploads\/2025\/02\/Ministry-of-Environment-Ecuador.jpg?w=450&amp;ssl=1 450w, https:\/\/i0.wp.com\/bacterplus.com\/wp-content\/uploads\/2025\/02\/Ministry-of-Environment-Ecuador.jpg?resize=300%2C300&amp;ssl=1 300w, https:\/\/i0.wp.com\/bacterplus.com\/wp-content\/uploads\/2025\/02\/Ministry-of-Environment-Ecuador.jpg?resize=150%2C150&amp;ssl=1 150w\" sizes=\"auto, (max-width: 450px) 100vw, 450px\" \/><\/figure>\n\n\n\n<div class=\"nfd-gap-md nfd-p-card-sm wp-block-group is-vertical is-content-justification-stretch is-layout-flex wp-container-core-group-is-layout-353c4f5a wp-block-group-is-layout-flex\">\n<div class=\"nfd-gap-0 wp-block-group is-vertical is-content-justification-stretch is-layout-flex wp-container-core-group-is-layout-353c4f5a wp-block-group-is-layout-flex\">\n<p class=\"nfd-text-md has-text-align-center\"><strong><strong>Ministerio del Ambiente, Ecuador<\/strong><\/strong><\/p>\n\n\n\n<p class=\"nfd-text-sm nfd-text-faded has-text-align-center\">Reconocido como un producto ecol\u00f3gico de biorremediaci\u00f3n, cumpliendo con los est\u00e1ndares de protecci\u00f3n ambiental para el tratamiento de residuos y el control de la contaminaci\u00f3n.<\/p>\n<\/div>\n<\/div>\n<\/div>\n<\/div>\n\n\n\n<div class=\"wp-block-column is-vertically-aligned-top is-layout-flow wp-container-core-column-is-layout-8a368f38 wp-block-column-is-layout-flow\">\n<div class=\"nfd-theme-white nfd-bg-surface nfd-gap-0 nfd-shadow-xs nfd-rounded wp-block-group is-vertical is-content-justification-center is-layout-flex wp-container-core-group-is-layout-4f05d86a wp-block-group-is-layout-flex\" style=\"padding-top:4px;padding-right:4px;padding-bottom:4px;padding-left:4px\">\n<figure class=\"nfd-rounded-sm wp-block-image size-full\"><img data-recalc-dims=\"1\" loading=\"lazy\" decoding=\"async\" width=\"450\" height=\"450\" src=\"https:\/\/i0.wp.com\/bacterplus.com\/wp-content\/uploads\/2025\/02\/USDA-BioPreferred-Seal.jpg?resize=450%2C450&#038;ssl=1\" alt=\"\" class=\"wp-image-157\" style=\"aspect-ratio:1;object-fit:cover\" srcset=\"https:\/\/i0.wp.com\/bacterplus.com\/wp-content\/uploads\/2025\/02\/USDA-BioPreferred-Seal.jpg?w=450&amp;ssl=1 450w, https:\/\/i0.wp.com\/bacterplus.com\/wp-content\/uploads\/2025\/02\/USDA-BioPreferred-Seal.jpg?resize=300%2C300&amp;ssl=1 300w, https:\/\/i0.wp.com\/bacterplus.com\/wp-content\/uploads\/2025\/02\/USDA-BioPreferred-Seal.jpg?resize=150%2C150&amp;ssl=1 150w\" sizes=\"auto, (max-width: 450px) 100vw, 450px\" \/><\/figure>\n\n\n\n<div class=\"nfd-gap-md nfd-p-card-sm wp-block-group is-vertical is-content-justification-stretch is-layout-flex wp-container-core-group-is-layout-353c4f5a wp-block-group-is-layout-flex\">\n<div class=\"nfd-gap-0 wp-block-group is-vertical is-content-justification-stretch is-layout-flex wp-container-core-group-is-layout-353c4f5a wp-block-group-is-layout-flex\">\n<p class=\"nfd-text-md has-text-align-center\"><strong><strong>Sello BioPreferred del USDA<\/strong><\/strong><\/p>\n\n\n\n<p class=\"nfd-text-sm nfd-text-faded has-text-align-center\">Certificado para asegurar a los consumidores que el producto contiene una cantidad verificada de ingredientes biol\u00f3gicos renovables. <em>(Departamento de Agricultura de los Estados Unidos)<\/em><\/p>\n<\/div>\n<\/div>\n<\/div>\n<\/div>\n<\/div>\n\n\n\n<p class=\"has-text-align-center\">Reconocido como un producto certificado basado en biotecnolog\u00eda, que verifica su sostenibilidad, ingredientes renovables y beneficios ecol\u00f3gicos.<\/p>\n\n\n\n<p class=\"has-text-align-center\">Estas certificaciones consolidan a PLUS 1 como una soluci\u00f3n biotecnol\u00f3gica globalmente reconocida, cient\u00edficamente validada y ambientalmente responsable, abriendo el camino para la innovaci\u00f3n continua y la expansi\u00f3n en el mercado.<\/p>\n<\/div>\n<\/div>","protected":false},"excerpt":{"rendered":"<p>PLUS 1 has been rigorously tested and approved by government agencies, environmental organizations, and industry regulators, ensuring safety, effectiveness, and compliance with international standards. These certifications confirm its biological integrity, non-toxicity, and environmental benefits, making it a trusted solution across various industries. Ministry of Agriculture, Ecuador Approved for use in agriculture, aquaculture, and organic farming, [&hellip;]<\/p>\n","protected":false},"author":1,"featured_media":0,"parent":0,"menu_order":0,"comment_status":"closed","ping_status":"closed","template":"","meta":{"nf_dc_page":"","om_disable_all_campaigns":false,"_monsterinsights_skip_tracking":false,"_monsterinsights_sitenote_active":false,"_monsterinsights_sitenote_note":"","_monsterinsights_sitenote_category":0,"footnotes":""},"class_list":["post-148","page","type-page","status-publish","hentry"],"yoast_head":"<!-- This site is optimized with the Yoast SEO plugin v27.5 - https:\/\/yoast.com\/product\/yoast-seo-wordpress\/ -->\n<title>Certifications &amp; Approvals -<\/title>\n<meta name=\"robots\" content=\"index, follow, max-snippet:-1, max-image-preview:large, max-video-preview:-1\" \/>\n<link rel=\"canonical\" href=\"https:\/\/bacterplus.com\/es\/certifications-approvals\/\" \/>\n<meta property=\"og:locale\" content=\"es_ES\" \/>\n<meta property=\"og:type\" content=\"article\" \/>\n<meta property=\"og:title\" content=\"Certifications &amp; Approvals -\" \/>\n<meta property=\"og:description\" content=\"PLUS 1 has been rigorously tested and approved by government agencies, environmental organizations, and industry regulators, ensuring safety, effectiveness, and compliance with international standards. These certifications confirm its biological integrity, non-toxicity, and environmental benefits, making it a trusted solution across various industries. Ministry of Agriculture, Ecuador Approved for use in agriculture, aquaculture, and organic farming, [&hellip;]\" \/>\n<meta property=\"og:url\" content=\"https:\/\/bacterplus.com\/es\/certifications-approvals\/\" \/>\n<meta property=\"article:modified_time\" content=\"2025-03-03T19:32:35+00:00\" \/>\n<meta property=\"og:image\" content=\"https:\/\/bacterplus.com\/wp-content\/uploads\/2025\/02\/Ministry-of-Agriculture-Ecuador-1.jpg\" \/>\n<meta name=\"twitter:card\" content=\"summary_large_image\" \/>\n<meta name=\"twitter:label1\" content=\"Tiempo de lectura\" \/>\n\t<meta name=\"twitter:data1\" content=\"3 minutos\" \/>\n<script type=\"application\/ld+json\" class=\"yoast-schema-graph\">{\"@context\":\"https:\\\/\\\/schema.org\",\"@graph\":[{\"@type\":\"WebPage\",\"@id\":\"https:\\\/\\\/bacterplus.com\\\/certifications-approvals\\\/\",\"url\":\"https:\\\/\\\/bacterplus.com\\\/certifications-approvals\\\/\",\"name\":\"Certifications &amp; Approvals -\",\"isPartOf\":{\"@id\":\"https:\\\/\\\/llm.jzu.mybluehost.me\\\/#website\"},\"primaryImageOfPage\":{\"@id\":\"https:\\\/\\\/bacterplus.com\\\/certifications-approvals\\\/#primaryimage\"},\"image\":{\"@id\":\"https:\\\/\\\/bacterplus.com\\\/certifications-approvals\\\/#primaryimage\"},\"thumbnailUrl\":\"https:\\\/\\\/bacterplus.com\\\/wp-content\\\/uploads\\\/2025\\\/02\\\/Ministry-of-Agriculture-Ecuador-1.jpg\",\"datePublished\":\"2025-02-28T20:41:53+00:00\",\"dateModified\":\"2025-03-03T19:32:35+00:00\",\"breadcrumb\":{\"@id\":\"https:\\\/\\\/bacterplus.com\\\/certifications-approvals\\\/#breadcrumb\"},\"inLanguage\":\"es\",\"potentialAction\":[{\"@type\":\"ReadAction\",\"target\":[\"https:\\\/\\\/bacterplus.com\\\/certifications-approvals\\\/\"]}]},{\"@type\":\"ImageObject\",\"inLanguage\":\"es\",\"@id\":\"https:\\\/\\\/bacterplus.com\\\/certifications-approvals\\\/#primaryimage\",\"url\":\"https:\\\/\\\/bacterplus.com\\\/wp-content\\\/uploads\\\/2025\\\/02\\\/Ministry-of-Agriculture-Ecuador-1.jpg\",\"contentUrl\":\"https:\\\/\\\/bacterplus.com\\\/wp-content\\\/uploads\\\/2025\\\/02\\\/Ministry-of-Agriculture-Ecuador-1.jpg\"},{\"@type\":\"BreadcrumbList\",\"@id\":\"https:\\\/\\\/bacterplus.com\\\/certifications-approvals\\\/#breadcrumb\",\"itemListElement\":[{\"@type\":\"ListItem\",\"position\":1,\"name\":\"Home\",\"item\":\"https:\\\/\\\/llm.jzu.mybluehost.me\\\/\"},{\"@type\":\"ListItem\",\"position\":2,\"name\":\"Certifications &amp; Approvals\"}]},{\"@type\":\"WebSite\",\"@id\":\"https:\\\/\\\/llm.jzu.mybluehost.me\\\/#website\",\"url\":\"https:\\\/\\\/llm.jzu.mybluehost.me\\\/\",\"name\":\"\",\"description\":\"Let\u2019s Give Life Back to Our Earth\",\"potentialAction\":[{\"@type\":\"SearchAction\",\"target\":{\"@type\":\"EntryPoint\",\"urlTemplate\":\"https:\\\/\\\/llm.jzu.mybluehost.me\\\/?s={search_term_string}\"},\"query-input\":{\"@type\":\"PropertyValueSpecification\",\"valueRequired\":true,\"valueName\":\"search_term_string\"}}],\"inLanguage\":\"es\"}]}<\/script>\n<!-- \/ Yoast SEO plugin. -->","yoast_head_json":{"title":"Certifications &amp; Approvals -","robots":{"index":"index","follow":"follow","max-snippet":"max-snippet:-1","max-image-preview":"max-image-preview:large","max-video-preview":"max-video-preview:-1"},"canonical":"https:\/\/bacterplus.com\/es\/certifications-approvals\/","og_locale":"es_ES","og_type":"article","og_title":"Certifications &amp; Approvals -","og_description":"PLUS 1 has been rigorously tested and approved by government agencies, environmental organizations, and industry regulators, ensuring safety, effectiveness, and compliance with international standards. These certifications confirm its biological integrity, non-toxicity, and environmental benefits, making it a trusted solution across various industries. Ministry of Agriculture, Ecuador Approved for use in agriculture, aquaculture, and organic farming, [&hellip;]","og_url":"https:\/\/bacterplus.com\/es\/certifications-approvals\/","article_modified_time":"2025-03-03T19:32:35+00:00","og_image":[{"url":"https:\/\/bacterplus.com\/wp-content\/uploads\/2025\/02\/Ministry-of-Agriculture-Ecuador-1.jpg","type":"","width":"","height":""}],"twitter_card":"summary_large_image","twitter_misc":{"Tiempo de lectura":"3 minutos"},"schema":{"@context":"https:\/\/schema.org","@graph":[{"@type":"WebPage","@id":"https:\/\/bacterplus.com\/certifications-approvals\/","url":"https:\/\/bacterplus.com\/certifications-approvals\/","name":"Certifications &amp; Approvals -","isPartOf":{"@id":"https:\/\/llm.jzu.mybluehost.me\/#website"},"primaryImageOfPage":{"@id":"https:\/\/bacterplus.com\/certifications-approvals\/#primaryimage"},"image":{"@id":"https:\/\/bacterplus.com\/certifications-approvals\/#primaryimage"},"thumbnailUrl":"https:\/\/bacterplus.com\/wp-content\/uploads\/2025\/02\/Ministry-of-Agriculture-Ecuador-1.jpg","datePublished":"2025-02-28T20:41:53+00:00","dateModified":"2025-03-03T19:32:35+00:00","breadcrumb":{"@id":"https:\/\/bacterplus.com\/certifications-approvals\/#breadcrumb"},"inLanguage":"es","potentialAction":[{"@type":"ReadAction","target":["https:\/\/bacterplus.com\/certifications-approvals\/"]}]},{"@type":"ImageObject","inLanguage":"es","@id":"https:\/\/bacterplus.com\/certifications-approvals\/#primaryimage","url":"https:\/\/bacterplus.com\/wp-content\/uploads\/2025\/02\/Ministry-of-Agriculture-Ecuador-1.jpg","contentUrl":"https:\/\/bacterplus.com\/wp-content\/uploads\/2025\/02\/Ministry-of-Agriculture-Ecuador-1.jpg"},{"@type":"BreadcrumbList","@id":"https:\/\/bacterplus.com\/certifications-approvals\/#breadcrumb","itemListElement":[{"@type":"ListItem","position":1,"name":"Home","item":"https:\/\/llm.jzu.mybluehost.me\/"},{"@type":"ListItem","position":2,"name":"Certifications &amp; Approvals"}]},{"@type":"WebSite","@id":"https:\/\/llm.jzu.mybluehost.me\/#website","url":"https:\/\/llm.jzu.mybluehost.me\/","name":"","description":"Let\u2019s Give Life Back to Our Earth","potentialAction":[{"@type":"SearchAction","target":{"@type":"EntryPoint","urlTemplate":"https:\/\/llm.jzu.mybluehost.me\/?s={search_term_string}"},"query-input":{"@type":"PropertyValueSpecification","valueRequired":true,"valueName":"search_term_string"}}],"inLanguage":"es"}]}},"jetpack_sharing_enabled":true,"_links":{"self":[{"href":"https:\/\/bacterplus.com\/es\/wp-json\/wp\/v2\/pages\/148","targetHints":{"allow":["GET"]}}],"collection":[{"href":"https:\/\/bacterplus.com\/es\/wp-json\/wp\/v2\/pages"}],"about":[{"href":"https:\/\/bacterplus.com\/es\/wp-json\/wp\/v2\/types\/page"}],"author":[{"embeddable":true,"href":"https:\/\/bacterplus.com\/es\/wp-json\/wp\/v2\/users\/1"}],"replies":[{"embeddable":true,"href":"https:\/\/bacterplus.com\/es\/wp-json\/wp\/v2\/comments?post=148"}],"version-history":[{"count":4,"href":"https:\/\/bacterplus.com\/es\/wp-json\/wp\/v2\/pages\/148\/revisions"}],"predecessor-version":[{"id":262,"href":"https:\/\/bacterplus.com\/es\/wp-json\/wp\/v2\/pages\/148\/revisions\/262"}],"wp:attachment":[{"href":"https:\/\/bacterplus.com\/es\/wp-json\/wp\/v2\/media?parent=148"}],"curies":[{"name":"wp","href":"https:\/\/api.w.org\/{rel}","templated":true}]}}